{"id":2899,"date":"2015-07-15T13:28:43","date_gmt":"2015-07-15T13:28:43","guid":{"rendered":"http:\/\/kirkjulistahatid.is\/?page_id=2899"},"modified":"2019-06-05T13:10:52","modified_gmt":"2019-06-05T13:10:52","slug":"photos","status":"publish","type":"page","link":"https:\/\/kirkjulistahatid.is\/en\/photos\/","title":{"rendered":"Photos"},"content":{"rendered":"<style type=\"text\/css\">.foogallery-album-gallery-list .foogallery-pile h3 { background: #fff !important; }.foogallery-album-gallery-list .foogallery-pile h3 { color: #000000 !important; }<\/style><div id=\"foogallery-album-4003\">\n\t<ul class=\"foogallery-album-gallery-list alignment-left\">\n\t\t\t\t\t\t<li>\n\t\t\t\t\t<div class=\"foogallery-pile\">\n\t\t\t\t\t\t<div class=\"foogallery-pile-inner\">\n\t\t\t\t\t\t\t<a href=\"https:\/\/kirkjulistahatid.is\/en\/photos\/gallery\/myndir-fra-lokatonleikum-kirkjulistahatidar-10-juni-2019\" target=\"_self\">\n\t\t\t\t\t\t\t\t<img loading=\"lazy\" decoding=\"async\"  src=\"https:\/\/kirkjulistahatid.is\/wp-content\/uploads\/cache\/2019\/07\/1167\/3901766790.jpg\" width=\"150\" height=\"150\" class=\"skip-lazy\" \/>\t\t\t\t\t\t\t\t\t\t\t\t\t\t\t\t<h3>Myndir fr\u00e1 lokat\u00f3nleikum Kirkjulistah\u00e1t\u00ed\u00f0ar 10. j\u00fan\u00ed 2019\t\t\t\t\t\t\t\t\t<span>53 images<\/span>\n\t\t\t\t\t\t\t\t<\/h3>\n\t\t\t\t\t\t\t<\/a>\n\t\t\t\t\t\t<\/div>\n\t\t\t\t\t<\/div>\n\t\t\t\t<\/li>\n\t\t\t\t\t\t\t\t\t<li>\n\t\t\t\t\t<div class=\"foogallery-pile\">\n\t\t\t\t\t\t<div class=\"foogallery-pile-inner\">\n\t\t\t\t\t\t\t<a href=\"https:\/\/kirkjulistahatid.is\/en\/photos\/gallery\/umbra-a-aefingu-fyrir-tonleika\" target=\"_self\">\n\t\t\t\t\t\t\t\t<img loading=\"lazy\" decoding=\"async\"  src=\"https:\/\/kirkjulistahatid.is\/wp-content\/uploads\/cache\/2019\/06\/umbra1\/371815797.jpg\" width=\"150\" height=\"150\" class=\"skip-lazy\" \/>\t\t\t\t\t\t\t\t\t\t\t\t\t\t\t\t<h3>Umbra \u00e1 \u00e6fingu fyrir t\u00f3nleika\t\t\t\t\t\t\t\t\t<span>5 images<\/span>\n\t\t\t\t\t\t\t\t<\/h3>\n\t\t\t\t\t\t\t<\/a>\n\t\t\t\t\t\t<\/div>\n\t\t\t\t\t<\/div>\n\t\t\t\t<\/li>\n\t\t\t\t\t\t\t\t\t<li>\n\t\t\t\t\t<div class=\"foogallery-pile\">\n\t\t\t\t\t\t<div class=\"foogallery-pile-inner\">\n\t\t\t\t\t\t\t<a href=\"https:\/\/kirkjulistahatid.is\/en\/photos\/gallery\/tonleikaspjall-marina-albero-tapaso\" target=\"_self\">\n\t\t\t\t\t\t\t\t<img loading=\"lazy\" decoding=\"async\"  src=\"https:\/\/kirkjulistahatid.is\/wp-content\/uploads\/cache\/2019\/06\/marina1\/2891670511.jpg\" width=\"150\" height=\"150\" class=\"skip-lazy\" \/>\t\t\t\t\t\t\t\t\t\t\t\t\t\t\t\t<h3>T\u00f3nleikaspjall - Marina Albero Tapaso\t\t\t\t\t\t\t\t\t<span>5 images<\/span>\n\t\t\t\t\t\t\t\t<\/h3>\n\t\t\t\t\t\t\t<\/a>\n\t\t\t\t\t\t<\/div>\n\t\t\t\t\t<\/div>\n\t\t\t\t<\/li>\n\t\t\t\t\t\t\t\t\t<li>\n\t\t\t\t\t<div class=\"foogallery-pile\">\n\t\t\t\t\t\t<div class=\"foogallery-pile-inner\">\n\t\t\t\t\t\t\t<a href=\"https:\/\/kirkjulistahatid.is\/en\/photos\/gallery\/myndir-fra-upphafstonleikum-kirkjulistahatidar-verkid-mysterium-op-53-eftir-haflida-hallgrimsson-frumflutt\" target=\"_self\">\n\t\t\t\t\t\t\t\t<img loading=\"lazy\" decoding=\"async\"  src=\"https:\/\/kirkjulistahatid.is\/wp-content\/uploads\/cache\/2019\/06\/mysterium1\/278474827.jpg\" width=\"150\" height=\"150\" class=\"skip-lazy\" \/>\t\t\t\t\t\t\t\t\t\t\t\t\t\t\t\t<h3>Myndir fr\u00e1 upphafst\u00f3nleikum Kirkjulistah\u00e1t\u00ed\u00f0ar, verki\u00f0 Mysterium op. 53 eftir Hafli\u00f0a Hallgr\u00edmsson frumflutt\t\t\t\t\t\t\t\t\t<span>13 images<\/span>\n\t\t\t\t\t\t\t\t<\/h3>\n\t\t\t\t\t\t\t<\/a>\n\t\t\t\t\t\t<\/div>\n\t\t\t\t\t<\/div>\n\t\t\t\t<\/li>\n\t\t\t\t\t\t\t\t\t<li>\n\t\t\t\t\t<div class=\"foogallery-pile\">\n\t\t\t\t\t\t<div class=\"foogallery-pile-inner\">\n\t\t\t\t\t\t\t<a href=\"https:\/\/kirkjulistahatid.is\/en\/photos\/gallery\/aefing-thridjudaginn-28-mai-2019\" target=\"_self\">\n\t\t\t\t\t\t\t\t<img loading=\"lazy\" decoding=\"async\"  src=\"https:\/\/kirkjulistahatid.is\/wp-content\/uploads\/cache\/2019\/05\/kirkjulistahatid-aefing-2019\/3283024034.jpg\" alt=\"Kirkjulistah\u00e1t\u00ed\u00f0 2019 - \u00c6fing \u00feri\u00f0judaginn 28. ma\u00ed 2019\" width=\"150\" height=\"150\" class=\"skip-lazy\" \/>\t\t\t\t\t\t\t\t\t\t\t\t\t\t\t\t<h3>\u00c6fing \u00feri\u00f0judaginn 28. ma\u00ed 2019\t\t\t\t\t\t\t\t\t<span>12 images<\/span>\n\t\t\t\t\t\t\t\t<\/h3>\n\t\t\t\t\t\t\t<\/a>\n\t\t\t\t\t\t<\/div>\n\t\t\t\t\t<\/div>\n\t\t\t\t<\/li>\n\t\t\t\t\t\t\t\t\t<li>\n\t\t\t\t\t<div class=\"foogallery-pile\">\n\t\t\t\t\t\t<div class=\"foogallery-pile-inner\">\n\t\t\t\t\t\t\t<a href=\"https:\/\/kirkjulistahatid.is\/en\/photos\/gallery\/listamenn-2019\" target=\"_self\">\n\t\t\t\t\t\t\t\t<img loading=\"lazy\" decoding=\"async\"  src=\"https:\/\/kirkjulistahatid.is\/wp-content\/uploads\/cache\/2019\/05\/johann-nardeu\/1460389788.jpg\" alt=\"Jo\u0301hann\u00a0Nardeau\" width=\"150\" height=\"150\" class=\"skip-lazy\" \/>\t\t\t\t\t\t\t\t\t\t\t\t\t\t\t\t<h3>Listamenn 2019\t\t\t\t\t\t\t\t\t<span>17 images<\/span>\n\t\t\t\t\t\t\t\t<\/h3>\n\t\t\t\t\t\t\t<\/a>\n\t\t\t\t\t\t<\/div>\n\t\t\t\t\t<\/div>\n\t\t\t\t<\/li>\n\t\t\t\t\t\t<\/ul>\n\t<div style=\"clear: both;\"><\/div>\n<\/div>\n\n","protected":false},"excerpt":{"rendered":"","protected":false},"author":5,"featured_media":0,"parent":0,"menu_order":0,"comment_status":"closed","ping_status":"closed","template":"","meta":{"footnotes":""},"class_list":["post-2899","page","type-page","status-publish","hentry"],"_links":{"self":[{"href":"https:\/\/kirkjulistahatid.is\/en\/wp-json\/wp\/v2\/pages\/2899","targetHints":{"allow":["GET"]}}],"collection":[{"href":"https:\/\/kirkjulistahatid.is\/en\/wp-json\/wp\/v2\/pages"}],"about":[{"href":"https:\/\/kirkjulistahatid.is\/en\/wp-json\/wp\/v2\/types\/page"}],"author":[{"embeddable":true,"href":"https:\/\/kirkjulistahatid.is\/en\/wp-json\/wp\/v2\/users\/5"}],"replies":[{"embeddable":true,"href":"https:\/\/kirkjulistahatid.is\/en\/wp-json\/wp\/v2\/comments?post=2899"}],"version-history":[{"count":0,"href":"https:\/\/kirkjulistahatid.is\/en\/wp-json\/wp\/v2\/pages\/2899\/revisions"}],"wp:attachment":[{"href":"https:\/\/kirkjulistahatid.is\/en\/wp-json\/wp\/v2\/media?parent=2899"}],"curies":[{"name":"wp","href":"https:\/\/api.w.org\/{rel}","templated":true}]}}