{"id":2937,"date":"2015-07-16T22:35:34","date_gmt":"2015-07-16T22:35:34","guid":{"rendered":"http:\/\/kirkjulistahatid.is\/?page_id=2937"},"modified":"2019-06-05T10:45:07","modified_gmt":"2019-06-05T10:45:07","slug":"organizers","status":"publish","type":"page","link":"https:\/\/kirkjulistahatid.is\/en\/organizers\/","title":{"rendered":"Organizers"},"content":{"rendered":"<p>Artistic Director: Hordur Askelsson<br \/>\nManager: Inga Ros Ingolfsdottir<\/p>\n<p>Editing and copywriting: Atli Freyr Sig\u00fe\u00f3rsson<br \/>\nGraphic design: Hafsteinn Sv. Hafsteinsson<br \/>\nMarketing manager: P\u00e9tur Oddbergur Heimisson<br \/>\nManaging\u00a0Assistant: Unnur Sesselja \u00d3lafsd\u00f3ttir<\/p>\n<p>Board of The Hallgrimskirkja Friends of the Arts Society<\/p>\n","protected":false},"excerpt":{"rendered":"<p>Artistic Director: Hordur Askelsson Manager: Inga Ros Ingolfsdottir Editing and copywriting: Atli Freyr Sig\u00fe\u00f3rsson Graphic design: Hafsteinn Sv. Hafsteinsson Marketing manager: P\u00e9tur Oddbergur Heimisson Managing\u00a0Assistant: Unnur<span class=\"excerpt-hellip\"> [\u2026]<\/span><\/p>\n","protected":false},"author":5,"featured_media":0,"parent":0,"menu_order":0,"comment_status":"closed","ping_status":"closed","template":"","meta":{"footnotes":""},"class_list":["post-2937","page","type-page","status-publish","hentry"],"_links":{"self":[{"href":"https:\/\/kirkjulistahatid.is\/en\/wp-json\/wp\/v2\/pages\/2937","targetHints":{"allow":["GET"]}}],"collection":[{"href":"https:\/\/kirkjulistahatid.is\/en\/wp-json\/wp\/v2\/pages"}],"about":[{"href":"https:\/\/kirkjulistahatid.is\/en\/wp-json\/wp\/v2\/types\/page"}],"author":[{"embeddable":true,"href":"https:\/\/kirkjulistahatid.is\/en\/wp-json\/wp\/v2\/users\/5"}],"replies":[{"embeddable":true,"href":"https:\/\/kirkjulistahatid.is\/en\/wp-json\/wp\/v2\/comments?post=2937"}],"version-history":[{"count":0,"href":"https:\/\/kirkjulistahatid.is\/en\/wp-json\/wp\/v2\/pages\/2937\/revisions"}],"wp:attachment":[{"href":"https:\/\/kirkjulistahatid.is\/en\/wp-json\/wp\/v2\/media?parent=2937"}],"curies":[{"name":"wp","href":"https:\/\/api.w.org\/{rel}","templated":true}]}}