{"id":2975,"date":"2015-07-20T11:46:28","date_gmt":"2015-07-20T11:46:28","guid":{"rendered":"http:\/\/kirkjulistahatid.is\/?page_id=2975"},"modified":"2015-07-20T11:46:51","modified_gmt":"2015-07-20T11:46:51","slug":"the-hague-international-baroque-orchestra","status":"publish","type":"page","link":"https:\/\/kirkjulistahatid.is\/en\/the-hague-international-baroque-orchestra\/","title":{"rendered":"The Hague International Baroque Orchestra"},"content":{"rendered":"<div id=\"attachment_2685\" style=\"width: 1034px\" class=\"wp-caption aligncenter\"><a href=\"https:\/\/kirkjulistahatid.is\/wp-content\/uploads\/2015\/07\/barokksveitin.jpg\" rel=\"lightbox[2975]\"><img loading=\"lazy\" decoding=\"async\" aria-describedby=\"caption-attachment-2685\" class=\"size-large wp-image-2685\" src=\"https:\/\/kirkjulistahatid.is\/wp-content\/uploads\/2015\/07\/barokksveitin-1024x683.jpg\" alt=\"Al\u00fej\u00f3\u00f0lega barokksveitin\" width=\"1024\" height=\"683\" srcset=\"https:\/\/kirkjulistahatid.is\/wp-content\/uploads\/2015\/07\/barokksveitin-1024x683.jpg 1024w, https:\/\/kirkjulistahatid.is\/wp-content\/uploads\/2015\/07\/barokksveitin-300x200.jpg 300w, https:\/\/kirkjulistahatid.is\/wp-content\/uploads\/2015\/07\/barokksveitin-219x146.jpg 219w, https:\/\/kirkjulistahatid.is\/wp-content\/uploads\/2015\/07\/barokksveitin-50x33.jpg 50w, https:\/\/kirkjulistahatid.is\/wp-content\/uploads\/2015\/07\/barokksveitin-576x384.jpg 576w, https:\/\/kirkjulistahatid.is\/wp-content\/uploads\/2015\/07\/barokksveitin-113x75.jpg 113w, https:\/\/kirkjulistahatid.is\/wp-content\/uploads\/2015\/07\/barokksveitin.jpg 1200w\" sizes=\"auto, (max-width:767px) 480px, (max-width:1024px) 100vw, 1024px\" \/><\/a><p id=\"caption-attachment-2685\" class=\"wp-caption-text\">Al\u00fej\u00f3\u00f0lega barokksveitin<\/p><\/div>\n<div id=\"attachment_2686\" style=\"width: 240px\" class=\"wp-caption alignright\"><a href=\"https:\/\/kirkjulistahatid.is\/wp-content\/uploads\/2015\/07\/Tumo_suomi.jpg\" rel=\"lightbox[2975]\"><img loading=\"lazy\" decoding=\"async\" aria-describedby=\"caption-attachment-2686\" class=\"wp-image-2686\" src=\"https:\/\/kirkjulistahatid.is\/wp-content\/uploads\/2015\/07\/Tumo_suomi-576x1024.jpg\" alt=\"Tuomo Suni\" width=\"230\" height=\"409\" srcset=\"https:\/\/kirkjulistahatid.is\/wp-content\/uploads\/2015\/07\/Tumo_suomi-576x1024.jpg 576w, https:\/\/kirkjulistahatid.is\/wp-content\/uploads\/2015\/07\/Tumo_suomi-169x300.jpg 169w, https:\/\/kirkjulistahatid.is\/wp-content\/uploads\/2015\/07\/Tumo_suomi-82x146.jpg 82w, https:\/\/kirkjulistahatid.is\/wp-content\/uploads\/2015\/07\/Tumo_suomi-28x50.jpg 28w, https:\/\/kirkjulistahatid.is\/wp-content\/uploads\/2015\/07\/Tumo_suomi-42x75.jpg 42w, https:\/\/kirkjulistahatid.is\/wp-content\/uploads\/2015\/07\/Tumo_suomi.jpg 800w\" sizes=\"auto, (max-width:767px) 230px, 230px\" \/><\/a><p id=\"caption-attachment-2686\" class=\"wp-caption-text\">Tuomo Suni<\/p><\/div>\n<p>The Hague International Baroque Orchestra is comprised of some of the finest musicians around the world, most having studied at the Royal Conservatory of The Hague, one of the leading academies in baroque performance. There they studied with some of the most capable profes- sors in baroque performance, such as Ton Koopman, Jacques Ogg, Ryo Terakado, Enrico Gatti, Elizabeth Wallfisch, Jaap ter Linden and the Kuij- ken brothers. Since their graduation, members of The Hague Interna- tional Baroque Orchestra have established themselves as highly sought after musicians in Europe, now regularly performing with some of the world\u2018s leading ensembles and orchestras that specialize in historically informed performances under the baton of acclaimed directors. These include the Ricercar Consort, Les Arts Florissants, Amsterdam Baroque Orchestra, Bach Collegium Japan, Concerto Copenhagen, Orchestra of the Age of Enlightenment, Gabrieli Consort &amp; Players, Collegium Vocale Gent, Capriccio Stravagante and Orchestre des Champs-Elys\u00e9es, and directors such as Philippe Pierlot, William Christie, Masaaki Suzuki, Skip Semp\u00e9 and Philippe Herreweghe.<\/p>\n<p>Members of The Hague International Baroque Orchestra have frequently visited Iceland since performing Bach\u2018s Christmas Oratorio in Hallgr\u00edmskirkja in 2004. The orchestra last visited in 2011 and 2012, performing Bach\u2018s St John Passion with The Hallgr\u00edmskirkja Motet Choir at three concerts in Hallgr\u00edmskirkja and at the Hof Cultural Center in Akureyri with conductor H\u00f6r\u00f0ur \u00c1skelsson with the great support of the German Ambassador in Iceland and playing in Harpa Concert Hall together with the The Hallgr\u00edmskirkja Motet Choir on their 30th anniversary , with H\u00f6r\u00f0ur \u00c1skelsson Music Director of Hallgr\u00edmskirkja, performing J.S. Bach the Christmas Oratorio in 4 concerts.<br \/>\nThe Hague International Baroque Orchestra has consistently received wide critical acclaim for its performances.<\/p>\n","protected":false},"excerpt":{"rendered":"<p>The Hague International Baroque Orchestra is comprised of some of the finest musicians around the world, most having studied at the Royal Conservatory of The Hague,<span class=\"excerpt-hellip\"> [\u2026]<\/span><\/p>\n","protected":false},"author":5,"featured_media":0,"parent":0,"menu_order":0,"comment_status":"closed","ping_status":"closed","template":"","meta":{"footnotes":""},"class_list":["post-2975","page","type-page","status-publish","hentry"],"_links":{"self":[{"href":"https:\/\/kirkjulistahatid.is\/en\/wp-json\/wp\/v2\/pages\/2975","targetHints":{"allow":["GET"]}}],"collection":[{"href":"https:\/\/kirkjulistahatid.is\/en\/wp-json\/wp\/v2\/pages"}],"about":[{"href":"https:\/\/kirkjulistahatid.is\/en\/wp-json\/wp\/v2\/types\/page"}],"author":[{"embeddable":true,"href":"https:\/\/kirkjulistahatid.is\/en\/wp-json\/wp\/v2\/users\/5"}],"replies":[{"embeddable":true,"href":"https:\/\/kirkjulistahatid.is\/en\/wp-json\/wp\/v2\/comments?post=2975"}],"version-history":[{"count":0,"href":"https:\/\/kirkjulistahatid.is\/en\/wp-json\/wp\/v2\/pages\/2975\/revisions"}],"wp:attachment":[{"href":"https:\/\/kirkjulistahatid.is\/en\/wp-json\/wp\/v2\/media?parent=2975"}],"curies":[{"name":"wp","href":"https:\/\/api.w.org\/{rel}","templated":true}]}}