{"id":3000,"date":"2015-07-20T12:21:11","date_gmt":"2015-07-20T12:21:11","guid":{"rendered":"http:\/\/kirkjulistahatid.is\/?page_id=3000"},"modified":"2015-07-20T12:21:11","modified_gmt":"2015-07-20T12:21:11","slug":"olivier-latry-2","status":"publish","type":"page","link":"https:\/\/kirkjulistahatid.is\/en\/olivier-latry-2\/","title":{"rendered":"Olivier Latry"},"content":{"rendered":"<div id=\"attachment_2710\" style=\"width: 210px\" class=\"wp-caption alignright\"><a href=\"https:\/\/kirkjulistahatid.is\/wp-content\/uploads\/2015\/07\/olivier-latry.jpg\" rel=\"lightbox[3000]\"><img loading=\"lazy\" decoding=\"async\" aria-describedby=\"caption-attachment-2710\" class=\"size-medium wp-image-2710\" src=\"https:\/\/kirkjulistahatid.is\/wp-content\/uploads\/2015\/07\/olivier-latry-200x300.jpg\" alt=\"Olivier Latry\" width=\"200\" height=\"300\" srcset=\"https:\/\/kirkjulistahatid.is\/wp-content\/uploads\/2015\/07\/olivier-latry-200x300.jpg 200w, https:\/\/kirkjulistahatid.is\/wp-content\/uploads\/2015\/07\/olivier-latry-683x1024.jpg 683w, https:\/\/kirkjulistahatid.is\/wp-content\/uploads\/2015\/07\/olivier-latry-97x146.jpg 97w, https:\/\/kirkjulistahatid.is\/wp-content\/uploads\/2015\/07\/olivier-latry-33x50.jpg 33w, https:\/\/kirkjulistahatid.is\/wp-content\/uploads\/2015\/07\/olivier-latry-576x864.jpg 576w, https:\/\/kirkjulistahatid.is\/wp-content\/uploads\/2015\/07\/olivier-latry-50x75.jpg 50w, https:\/\/kirkjulistahatid.is\/wp-content\/uploads\/2015\/07\/olivier-latry.jpg 800w\" sizes=\"auto, (max-width:767px) 200px, 200px\" \/><\/a><p id=\"caption-attachment-2710\" class=\"wp-caption-text\">Olivier Latry<\/p><\/div>\n<p>Olivier Latry is the grand organist of the Notre-Dame Cathedral in Paris and a professor of the organ at the Paris Conservatory.<\/p>\n<p>At only 23, Latry got a position at this grand cathedral of France, his new position propelling him into the international scene. He has since performed in over fifty countries in five continents, both as a soloist and with orchestras. His extensive list of recordings includes the complete organ works of Olivier Messia\u00ebn, published by Deutsche Grammophon, Poulenc\u00b4s organ concert and Saint-Sa\u00ebn\u00b4s 3. Symphony which he performed with the Philadelphia Orchestra and director Christoph Eschenbach (Ondine). Recent CDs published under the French label Na\u00efve are one where Latry plays Erard\u00b4s pedal piano (1853) from the Paris Museum of Music and another dedicated to his forerunners (<em>Trois si\u00e8cles d\u2019orgue \u00e0 Notre-Dame de Paris <\/em>or <em>Three Centurys of the Organ in the Notre-Dame of Paris<\/em>)<em>. <\/em><\/p>\n<p><em>L<\/em>atry has been granted numerous prizes for his playing, amongst them \u201cFondation Cino et Simone Del Duca\u201d in 2000, \u201cFellowship Honoris Causa\u201d from North and Midlands School of Music in the UK in 2006 and from the Royal College of Organists in 2007. He was also nominated \u201cInterntional performer of the year\u201d by the American Guild of Organists in New York in 2009. In June 2010 he was made \u201cDoctor Honoris Causa\u201d at the Montr\u00e9al University and <em>organiste \u00e9m\u00e9rite<\/em> at the Montr\u00e9al Symphony Orchestra in 2012.<\/p>\n","protected":false},"excerpt":{"rendered":"<p>Olivier Latry is the grand organist of the Notre-Dame Cathedral in Paris and a professor of the organ at the Paris Conservatory. At only 23, Latry<span class=\"excerpt-hellip\"> [\u2026]<\/span><\/p>\n","protected":false},"author":5,"featured_media":0,"parent":0,"menu_order":0,"comment_status":"closed","ping_status":"closed","template":"","meta":{"footnotes":""},"class_list":["post-3000","page","type-page","status-publish","hentry"],"_links":{"self":[{"href":"https:\/\/kirkjulistahatid.is\/en\/wp-json\/wp\/v2\/pages\/3000","targetHints":{"allow":["GET"]}}],"collection":[{"href":"https:\/\/kirkjulistahatid.is\/en\/wp-json\/wp\/v2\/pages"}],"about":[{"href":"https:\/\/kirkjulistahatid.is\/en\/wp-json\/wp\/v2\/types\/page"}],"author":[{"embeddable":true,"href":"https:\/\/kirkjulistahatid.is\/en\/wp-json\/wp\/v2\/users\/5"}],"replies":[{"embeddable":true,"href":"https:\/\/kirkjulistahatid.is\/en\/wp-json\/wp\/v2\/comments?post=3000"}],"version-history":[{"count":0,"href":"https:\/\/kirkjulistahatid.is\/en\/wp-json\/wp\/v2\/pages\/3000\/revisions"}],"wp:attachment":[{"href":"https:\/\/kirkjulistahatid.is\/en\/wp-json\/wp\/v2\/media?parent=3000"}],"curies":[{"name":"wp","href":"https:\/\/api.w.org\/{rel}","templated":true}]}}