{"id":3006,"date":"2015-07-20T12:29:15","date_gmt":"2015-07-20T12:29:15","guid":{"rendered":"http:\/\/kirkjulistahatid.is\/?page_id=3006"},"modified":"2015-07-20T12:29:15","modified_gmt":"2015-07-20T12:29:15","slug":"shin-young-lee-2","status":"publish","type":"page","link":"https:\/\/kirkjulistahatid.is\/en\/shin-young-lee-2\/","title":{"rendered":"Shin-Young Lee"},"content":{"rendered":"<div id=\"attachment_2719\" style=\"width: 310px\" class=\"wp-caption alignright\"><a href=\"https:\/\/kirkjulistahatid.is\/wp-content\/uploads\/2015\/07\/shin-young-lee.jpg\" rel=\"lightbox[3006]\"><img loading=\"lazy\" decoding=\"async\" aria-describedby=\"caption-attachment-2719\" class=\"size-medium wp-image-2719\" src=\"https:\/\/kirkjulistahatid.is\/wp-content\/uploads\/2015\/07\/shin-young-lee-300x225.jpg\" alt=\"Shin-Young Lee\" width=\"300\" height=\"225\" srcset=\"https:\/\/kirkjulistahatid.is\/wp-content\/uploads\/2015\/07\/shin-young-lee-300x225.jpg 300w, https:\/\/kirkjulistahatid.is\/wp-content\/uploads\/2015\/07\/shin-young-lee-1024x768.jpg 1024w, https:\/\/kirkjulistahatid.is\/wp-content\/uploads\/2015\/07\/shin-young-lee-195x146.jpg 195w, https:\/\/kirkjulistahatid.is\/wp-content\/uploads\/2015\/07\/shin-young-lee-50x38.jpg 50w, https:\/\/kirkjulistahatid.is\/wp-content\/uploads\/2015\/07\/shin-young-lee-576x432.jpg 576w, https:\/\/kirkjulistahatid.is\/wp-content\/uploads\/2015\/07\/shin-young-lee-100x75.jpg 100w, https:\/\/kirkjulistahatid.is\/wp-content\/uploads\/2015\/07\/shin-young-lee.jpg 1200w\" sizes=\"auto, (max-width:767px) 300px, 300px\" \/><\/a><p id=\"caption-attachment-2719\" class=\"wp-caption-text\">Shin-Young Lee<\/p><\/div>\n<p>Born in Seoul, Korea, SHIN-YOUNG LEE began her musical studies on the piano at the age of four, and on the organ at the age of seventeen. She received a Bachelor of Music degree from Yonsei University in Seoul, under the direction of Dr. Tong-Soon Kwak. In France, Lee continued her studies at the Schola Cantorum of Paris with Jean-Paul Imbert. She was awarded the first \u201cPrix de Virtuosit\u00e9\u201d in 2002, and the first \u201cDipl\u00f4me de concert \u00e0 l\u2019unanimit\u00e9 avec f\u00e9licitations du jury\u201d in 2003.<\/p>\n<p>In September of 2003, Lee entered the organ class at the Paris Conservatoire National Sup\u00e9rieur de Musique (CNSMDP) and received the Dipl\u00f4me de Formation Sup\u00e9rieure in 2007 with Michel Bouvard and Olivier Latry. She then attended the post-graduate class (\u201ccycle de perfectionnement\u201d) until June 2009. While studying organ at the Conservatoire de Paris, she also attended classes in analysis, keyboard harmony, harmony and fugue, and basso continuo with Thierry Maeder and Pierre Caez; harpsichord with Fran\u00e7oise Marmin; and improvisation with Thierry Escaich, Jean-Fran\u00e7ois Zygel, and Philippe Lefebvre.<\/p>\n<p>Lee won first prize at the Organ Competition of St. Fran\u00e7ois de Sales of Lyon (2007) and she was laureate of the 2nd International Jordan International Organ Competition in Columbus, Georgia (2009). Lee has presented solo recitals throughout France (including international organ festivals of the Cathedral in Laon, St. Eustache in Paris, Cathedral of Sens, Notre-Dame de Paris, La Madeleine, Versailles, Poitiers, and Bordeaux) as well as in Europe and in the U.S. She was professor of organ at the academy of Talence (France) in 2008 and 2009.<\/p>\n","protected":false},"excerpt":{"rendered":"<p>Born in Seoul, Korea, SHIN-YOUNG LEE began her musical studies on the piano at the age of four, and on the organ at the age of<span class=\"excerpt-hellip\"> [\u2026]<\/span><\/p>\n","protected":false},"author":5,"featured_media":0,"parent":0,"menu_order":0,"comment_status":"closed","ping_status":"closed","template":"","meta":{"footnotes":""},"class_list":["post-3006","page","type-page","status-publish","hentry"],"_links":{"self":[{"href":"https:\/\/kirkjulistahatid.is\/en\/wp-json\/wp\/v2\/pages\/3006","targetHints":{"allow":["GET"]}}],"collection":[{"href":"https:\/\/kirkjulistahatid.is\/en\/wp-json\/wp\/v2\/pages"}],"about":[{"href":"https:\/\/kirkjulistahatid.is\/en\/wp-json\/wp\/v2\/types\/page"}],"author":[{"embeddable":true,"href":"https:\/\/kirkjulistahatid.is\/en\/wp-json\/wp\/v2\/users\/5"}],"replies":[{"embeddable":true,"href":"https:\/\/kirkjulistahatid.is\/en\/wp-json\/wp\/v2\/comments?post=3006"}],"version-history":[{"count":0,"href":"https:\/\/kirkjulistahatid.is\/en\/wp-json\/wp\/v2\/pages\/3006\/revisions"}],"wp:attachment":[{"href":"https:\/\/kirkjulistahatid.is\/en\/wp-json\/wp\/v2\/media?parent=3006"}],"curies":[{"name":"wp","href":"https:\/\/api.w.org\/{rel}","templated":true}]}}