{"id":3008,"date":"2015-07-20T12:30:54","date_gmt":"2015-07-20T12:30:54","guid":{"rendered":"http:\/\/kirkjulistahatid.is\/?page_id=3008"},"modified":"2015-07-31T09:54:18","modified_gmt":"2015-07-31T09:54:18","slug":"sigridur-osk-krisjansdottir","status":"publish","type":"page","link":"https:\/\/kirkjulistahatid.is\/en\/sigridur-osk-krisjansdottir\/","title":{"rendered":"Sigridur Osk Kristjansdottir"},"content":{"rendered":"<div id=\"attachment_2722\" style=\"width: 234px\" class=\"wp-caption alignright\"><a href=\"https:\/\/kirkjulistahatid.is\/wp-content\/uploads\/2015\/07\/sigridur-osk-kristjansdottir.jpg\" rel=\"lightbox[3008]\"><img loading=\"lazy\" decoding=\"async\" aria-describedby=\"caption-attachment-2722\" class=\"size-medium wp-image-2722\" src=\"https:\/\/kirkjulistahatid.is\/wp-content\/uploads\/2015\/07\/sigridur-osk-kristjansdottir-224x300.jpg\" alt=\"Sigr\u00ed\u00f0ur \u00d3sk Kristj\u00e1nsd\u00f3ttir\" width=\"224\" height=\"300\" srcset=\"https:\/\/kirkjulistahatid.is\/wp-content\/uploads\/2015\/07\/sigridur-osk-kristjansdottir-224x300.jpg 224w, https:\/\/kirkjulistahatid.is\/wp-content\/uploads\/2015\/07\/sigridur-osk-kristjansdottir-763x1024.jpg 763w, https:\/\/kirkjulistahatid.is\/wp-content\/uploads\/2015\/07\/sigridur-osk-kristjansdottir-109x146.jpg 109w, https:\/\/kirkjulistahatid.is\/wp-content\/uploads\/2015\/07\/sigridur-osk-kristjansdottir-37x50.jpg 37w, https:\/\/kirkjulistahatid.is\/wp-content\/uploads\/2015\/07\/sigridur-osk-kristjansdottir-576x773.jpg 576w, https:\/\/kirkjulistahatid.is\/wp-content\/uploads\/2015\/07\/sigridur-osk-kristjansdottir-56x75.jpg 56w, https:\/\/kirkjulistahatid.is\/wp-content\/uploads\/2015\/07\/sigridur-osk-kristjansdottir.jpg 800w\" sizes=\"auto, (max-width:767px) 224px, 224px\" \/><\/a><p id=\"caption-attachment-2722\" class=\"wp-caption-text\">Sigridur Osk Kristjansdottir<\/p><\/div>\n<p>Mezzo-soprano Sigridur Osk attended\u00a0 the Royal College of Music \u00a0Opera School as a postgraduate student and\u00a0 graduated \u00a0with an Artist Diploma and a Masters degree with merit. \u00a0Her singing teacher was Russell Smythe. Previously, she\u00a0 had achieved a grade 8 in singing, studying with Rut Magnusson, and a piano teaching diploma from the Reykjav\u00edk College of Music. Her current teacher is Sigridur Ella Magnusdottir.<\/p>\n<p>Sigridur\u00a0 appears \u00a0frequently \u00a0in operas,\u00a0 oratorios and as a recitalist in Iceland and abroad.\u00a0She recently sang the role of Waltraute in Wagner\u00b4s <em>Ride of the Valkyries<\/em> with Lidal North at the Norwegian Opera House.\u00a0 She sang\u00a0in the English National Opera\u2018s staging of\u00a0 <em>Jakob Lenz<\/em> by Wolfgang Rihm and at Glyndebourne, she performed the role of Fifth Nun in the first performance of\u00a0 <em>Love and\u00a0 Other Demons \u00a0<\/em>by Peter O\u00f6tv\u00f6s, conducted\u00a0 by Vladimir\u00a0 Yorvosky, as well as the Sandman in Humperdinck\u2018s <em>Hansel and Gretel<\/em>.\u2028\u2028She appeared in <em>Insanity<\/em> with the progressive Kiez Oper company \u00a0in Berlin and has frequently appeared in London with The Classical Opera Company, including the role of Arbate in <em>Mitridate<\/em> which earned her high praise in a review in The Times newspaper. \u00a0She performed Haydn\u2018s cantata <em>Arianna a Naxos<\/em> for them with the fortepianist Gary Cooper in Kings Place, London and sang on their behalf in In Tune in a live broadcast on BBC Radio 3.<\/p>\n<p>With English Touring Opera she\u00a0 sang the role of Arkane in the opera <em>Teseo <\/em>by Handel. Sigridur has appeared in many of the best known concert venues \u00a0in London, such as the Royal Albert Hall and St. Martin-in-the-Fields. In the Cadogan Hall \u00a0she sang a concert with Dame Emma Kirkby which was broadcast on Classic FM. Sigridur sang in a recording of <em>Engel Lund\u00b4s Book of Folk Songs<\/em> with the Lieder Theater London, published by Nimbus Records. Sigr\u00ed\u00f0ur\u00b4s singing can be heard in the dance work <em>Plateau Effect<\/em>, performed by The Cullberg Ballet, one of Sweden\u00b4s best known dance groups.<\/p>\n<p>For The Icelandic Opera, Sigridur has sung the role of Third Lady in Mozart\u2018s <em>Magic Flute<\/em>. In Iceland\u00b4s \u00a0modern music festival \u00a0Dark Music Days, she sang the first performance of the <em>Adriana Songs<\/em> by Kaiu Saariaho and with the Electra Ensemble performed <em>Chansons Mad\u00e9casses <\/em>by Ravel, which was chosen as one of the five best performances in 2011 by the Icelandic National Radio\u00b4s arts programme Vidsja.<\/p>\n<p>With the Hallgrimskirkja Motet Choir she has sung in Bach\u00b4s <em>St. John Passion<\/em> and will appear with them again this summer in Handel\u00b4s oratorio <em>Solomon<\/em> as the Queen of Sheba and Second Lady. This autumn she will sing the role of Rosina in the <em>Barber of Seville<\/em> for the Icelandic Opera.<\/p>\n<p><strong>\u00a0<\/strong><\/p>\n<p>&nbsp;<\/p>\n","protected":false},"excerpt":{"rendered":"<p>Mezzo-soprano Sigridur Osk attended\u00a0 the Royal College of Music \u00a0Opera School as a postgraduate student and\u00a0 graduated \u00a0with an Artist Diploma and a Masters degree with<span class=\"excerpt-hellip\"> [\u2026]<\/span><\/p>\n","protected":false},"author":5,"featured_media":0,"parent":0,"menu_order":0,"comment_status":"closed","ping_status":"closed","template":"","meta":{"footnotes":""},"class_list":["post-3008","page","type-page","status-publish","hentry"],"_links":{"self":[{"href":"https:\/\/kirkjulistahatid.is\/en\/wp-json\/wp\/v2\/pages\/3008","targetHints":{"allow":["GET"]}}],"collection":[{"href":"https:\/\/kirkjulistahatid.is\/en\/wp-json\/wp\/v2\/pages"}],"about":[{"href":"https:\/\/kirkjulistahatid.is\/en\/wp-json\/wp\/v2\/types\/page"}],"author":[{"embeddable":true,"href":"https:\/\/kirkjulistahatid.is\/en\/wp-json\/wp\/v2\/users\/5"}],"replies":[{"embeddable":true,"href":"https:\/\/kirkjulistahatid.is\/en\/wp-json\/wp\/v2\/comments?post=3008"}],"version-history":[{"count":0,"href":"https:\/\/kirkjulistahatid.is\/en\/wp-json\/wp\/v2\/pages\/3008\/revisions"}],"wp:attachment":[{"href":"https:\/\/kirkjulistahatid.is\/en\/wp-json\/wp\/v2\/media?parent=3008"}],"curies":[{"name":"wp","href":"https:\/\/api.w.org\/{rel}","templated":true}]}}