{"id":3659,"date":"2019-05-20T10:20:32","date_gmt":"2019-05-20T10:20:32","guid":{"rendered":"http:\/\/kirkjulistahatid.is\/?page_id=3659"},"modified":"2019-05-20T10:20:32","modified_gmt":"2019-05-20T10:20:32","slug":"benedikt-kristjansson-4","status":"publish","type":"page","link":"https:\/\/kirkjulistahatid.is\/en\/benedikt-kristjansson-4\/","title":{"rendered":"Benedikt Kristj\u00e1nsson"},"content":{"rendered":"<div id=\"attachment_3657\" style=\"width: 1034px\" class=\"wp-caption aligncenter\"><a href=\"https:\/\/kirkjulistahatid.is\/wp-content\/uploads\/2019\/05\/benedikt_kristjansson.jpg\" rel=\"lightbox[3659]\"><img loading=\"lazy\" decoding=\"async\" aria-describedby=\"caption-attachment-3657\" class=\"size-large wp-image-3657\" src=\"https:\/\/kirkjulistahatid.is\/wp-content\/uploads\/2019\/05\/benedikt_kristjansson-1024x683.jpg\" alt=\"Benedikt Kristj\u00e1nsson\" width=\"1024\" height=\"683\" srcset=\"https:\/\/kirkjulistahatid.is\/wp-content\/uploads\/2019\/05\/benedikt_kristjansson-1024x683.jpg 1024w, https:\/\/kirkjulistahatid.is\/wp-content\/uploads\/2019\/05\/benedikt_kristjansson-300x200.jpg 300w, https:\/\/kirkjulistahatid.is\/wp-content\/uploads\/2019\/05\/benedikt_kristjansson-768x512.jpg 768w, https:\/\/kirkjulistahatid.is\/wp-content\/uploads\/2019\/05\/benedikt_kristjansson-219x146.jpg 219w, https:\/\/kirkjulistahatid.is\/wp-content\/uploads\/2019\/05\/benedikt_kristjansson-50x33.jpg 50w, https:\/\/kirkjulistahatid.is\/wp-content\/uploads\/2019\/05\/benedikt_kristjansson-576x384.jpg 576w, https:\/\/kirkjulistahatid.is\/wp-content\/uploads\/2019\/05\/benedikt_kristjansson-113x75.jpg 113w, https:\/\/kirkjulistahatid.is\/wp-content\/uploads\/2019\/05\/benedikt_kristjansson.jpg 1200w\" sizes=\"auto, (max-width:767px) 480px, (max-width:1024px) 100vw, 1024px\" \/><\/a><p id=\"caption-attachment-3657\" class=\"wp-caption-text\">Benedikt Kristj\u00e1nsson<\/p><\/div>\n<p>Benedikt Kristj\u00e1nsson was born in in H\u00fasav\u00edk, Iceland. He started his singing lessons at age of 16 with his mother, Margr\u00e9t B\u00f3asd\u00f3ttir at the Reykjavik<\/p>\n<p>Academy of Singing and Vocal Arts in Iceland. He graduated from the Reykjav\u00edk Conservatory of Music in 2007.\u00a0 He studied with Professor Scot Weir at the Hochschule f\u00fcr Musik \u201cHanns Eisler\u201d Berlin, and graduated with honours. He has participated in Masterclasses in Europe by renowned Singers such as Christa Ludwig, Peter Schreier, Elly Ameling, Robert Holl, Thomas Quasthoff, Andreas Schmidt and also the Lied-Pianist Helmut Deutsch.<\/p>\n<p>Benedikt won the 1st Prize of the International Bach Vocal Competition in Greifswald in 2011, and was also awarded the Audience Award. He was the<\/p>\n<p>Winner of the Audience Award in the International Bach Competition in Leipzig 2012.<\/p>\n<p>As a Concert singer he has performed in many of the most celebrated Concert Halls in Europe and the USA, such as Konzerthaus Vienna, Berlin Philharmonie, Chapelle Royal in Versailles, Walt-Disney Hall, Los Angeles and Concertgebouw Amsterdam with Orchestras such as Staatskapelle Berlin, Deutsche Kammerphilharmonie Bremen, Gaechinger Cantorey, Hofkapelle M\u00fcnchen, Holland Baroque, Dresdner Barockorchestra, Nederlandse Bachverening, Akademie f\u00fcr Alte Musik Berlin, and Freiburger Barockorchestra. He has worked with manly internationally acclaimed Conductors such as Reinhard Goebel, Reinbert de Leeuw, Vaclav Luks, Christoph Spering, Peter Dijkstra, Hans-Christoph Rademann and Philipe Herreweghe.<\/p>\n<p>Benedikt has performed Opera in Theater Kiel, Staatstheater Braunschweig and at the Staatsoper in Berlin, singing both baroque and modern repertoire.<\/p>\n<p>He has sung in many well known Festivals, such as Musikfest Stuttgart, Th\u00fcringer Bach-Wochen, H\u00e4ndelfestspiele Halle, Bachwoche in Ansbach and Festival Oude Muziek in Utrecht.<\/p>\n<p>This year he released his first solo-CD, \u201cDrang in die Ferne\u201d, which received much praise from critics in Germany. The program of the CD is a mixture of Icelandic Folksongs and song by Franz Schubert.<\/p>\n<p>On the agenda in 2020 are solo concerts at the Bachfest Leipzig and in the Elbphilharmonie in Hamburg, a recording of the opera \u201cLes Bor\u00e9ades\u201d by Rameau conducted by Vaclav Luks, and a tour of North-America with the Gaechinger Cantorey, conducted by Hans-Christoph Rademann.<\/p>\n","protected":false},"excerpt":{"rendered":"<p>Benedikt Kristj\u00e1nsson was born in in H\u00fasav\u00edk, Iceland. He started his singing lessons at age of 16 with his mother, Margr\u00e9t B\u00f3asd\u00f3ttir at the Reykjavik Academy<span class=\"excerpt-hellip\"> [\u2026]<\/span><\/p>\n","protected":false},"author":5,"featured_media":0,"parent":0,"menu_order":0,"comment_status":"closed","ping_status":"closed","template":"","meta":{"footnotes":""},"class_list":["post-3659","page","type-page","status-publish","hentry"],"_links":{"self":[{"href":"https:\/\/kirkjulistahatid.is\/en\/wp-json\/wp\/v2\/pages\/3659","targetHints":{"allow":["GET"]}}],"collection":[{"href":"https:\/\/kirkjulistahatid.is\/en\/wp-json\/wp\/v2\/pages"}],"about":[{"href":"https:\/\/kirkjulistahatid.is\/en\/wp-json\/wp\/v2\/types\/page"}],"author":[{"embeddable":true,"href":"https:\/\/kirkjulistahatid.is\/en\/wp-json\/wp\/v2\/users\/5"}],"replies":[{"embeddable":true,"href":"https:\/\/kirkjulistahatid.is\/en\/wp-json\/wp\/v2\/comments?post=3659"}],"version-history":[{"count":0,"href":"https:\/\/kirkjulistahatid.is\/en\/wp-json\/wp\/v2\/pages\/3659\/revisions"}],"wp:attachment":[{"href":"https:\/\/kirkjulistahatid.is\/en\/wp-json\/wp\/v2\/media?parent=3659"}],"curies":[{"name":"wp","href":"https:\/\/api.w.org\/{rel}","templated":true}]}}