{"id":3697,"date":"2019-05-20T10:58:14","date_gmt":"2019-05-20T10:58:14","guid":{"rendered":"http:\/\/kirkjulistahatid.is\/?page_id=3697"},"modified":"2019-05-20T10:58:14","modified_gmt":"2019-05-20T10:58:14","slug":"herdis-anna-jonasdottir-2","status":"publish","type":"page","link":"https:\/\/kirkjulistahatid.is\/en\/herdis-anna-jonasdottir-2\/","title":{"rendered":"Herd\u00eds Anna J\u00f3nasd\u00f3ttir"},"content":{"rendered":"<div id=\"attachment_3695\" style=\"width: 1034px\" class=\"wp-caption aligncenter\"><a href=\"https:\/\/kirkjulistahatid.is\/wp-content\/uploads\/2019\/05\/herdis-anna-jonasdottir.jpg\" rel=\"lightbox[3697]\"><img loading=\"lazy\" decoding=\"async\" aria-describedby=\"caption-attachment-3695\" class=\"size-large wp-image-3695\" src=\"https:\/\/kirkjulistahatid.is\/wp-content\/uploads\/2019\/05\/herdis-anna-jonasdottir-1024x683.jpg\" alt=\"Herd\u00eds Anna J\u00f3nasd\u00f3ttir\" width=\"1024\" height=\"683\" srcset=\"https:\/\/kirkjulistahatid.is\/wp-content\/uploads\/2019\/05\/herdis-anna-jonasdottir-1024x683.jpg 1024w, https:\/\/kirkjulistahatid.is\/wp-content\/uploads\/2019\/05\/herdis-anna-jonasdottir-300x200.jpg 300w, https:\/\/kirkjulistahatid.is\/wp-content\/uploads\/2019\/05\/herdis-anna-jonasdottir-768x512.jpg 768w, https:\/\/kirkjulistahatid.is\/wp-content\/uploads\/2019\/05\/herdis-anna-jonasdottir-219x146.jpg 219w, https:\/\/kirkjulistahatid.is\/wp-content\/uploads\/2019\/05\/herdis-anna-jonasdottir-50x33.jpg 50w, https:\/\/kirkjulistahatid.is\/wp-content\/uploads\/2019\/05\/herdis-anna-jonasdottir-576x384.jpg 576w, https:\/\/kirkjulistahatid.is\/wp-content\/uploads\/2019\/05\/herdis-anna-jonasdottir-113x75.jpg 113w, https:\/\/kirkjulistahatid.is\/wp-content\/uploads\/2019\/05\/herdis-anna-jonasdottir.jpg 1200w\" sizes=\"auto, (max-width:767px) 480px, (max-width:1024px) 100vw, 1024px\" \/><\/a><p id=\"caption-attachment-3695\" class=\"wp-caption-text\">Herd\u00eds Anna J\u00f3nasd\u00f3ttir<\/p><\/div>\n<p><strong>Herd\u00eds\u00a0Anna J\u00f3nasd\u00f3ttir<\/strong> studied singing at the Iceland University of the Arts and\u00a0the Hanns Eisler Academy of Music in Berlin where she graduated with a diploma in \u00a02010 and finished her\u00a0 Konzertexamen in 2013.\u00a0She was hired at the International Opera Studio in Z\u00fcrich for one year, and then got a position as a soloist at the State Theatre in Saarbr\u00fccken, Germany.<\/p>\n<p>Herd\u00eds Anna has taken part in many opera productions in Iceland, Germany and Switzerland. Her operatic roles include\u00a0Adina (L\u2019elisir d&#8217;amore), Adele (Die Fledermaus), Zerlina (Don Giovanni), Queen of Schemacha (The Golden Cockerel), Maria (West Side Story), Eliza (My Fair Lady), Nannetta (Falstaff) and Oscar (Un Ballo in maschera).<\/p>\n<p>She has given solo recitals in Iceland and in Germany and also been very active on the concert stage, performing with e.g. The Reykjavik Chamber Orchestra, The Saarland State Orchestra, Canberra Symphony Orchestra, The Icelandic Symphony Orchestra, at the Carl Orff Festival and more.\u00a0Herd\u00eds has twice sung with the Icelandic Opera, in 2012 Musetta in La Boheme, and just recently the role of Violetta Val\u00e9ry in Verdi\u2019s La traviata.<\/p>\n","protected":false},"excerpt":{"rendered":"<p>Herd\u00eds\u00a0Anna J\u00f3nasd\u00f3ttir studied singing at the Iceland University of the Arts and\u00a0the Hanns Eisler Academy of Music in Berlin where she graduated with a diploma in<span class=\"excerpt-hellip\"> [\u2026]<\/span><\/p>\n","protected":false},"author":5,"featured_media":0,"parent":0,"menu_order":0,"comment_status":"closed","ping_status":"closed","template":"","meta":{"footnotes":""},"class_list":["post-3697","page","type-page","status-publish","hentry"],"_links":{"self":[{"href":"https:\/\/kirkjulistahatid.is\/en\/wp-json\/wp\/v2\/pages\/3697","targetHints":{"allow":["GET"]}}],"collection":[{"href":"https:\/\/kirkjulistahatid.is\/en\/wp-json\/wp\/v2\/pages"}],"about":[{"href":"https:\/\/kirkjulistahatid.is\/en\/wp-json\/wp\/v2\/types\/page"}],"author":[{"embeddable":true,"href":"https:\/\/kirkjulistahatid.is\/en\/wp-json\/wp\/v2\/users\/5"}],"replies":[{"embeddable":true,"href":"https:\/\/kirkjulistahatid.is\/en\/wp-json\/wp\/v2\/comments?post=3697"}],"version-history":[{"count":0,"href":"https:\/\/kirkjulistahatid.is\/en\/wp-json\/wp\/v2\/pages\/3697\/revisions"}],"wp:attachment":[{"href":"https:\/\/kirkjulistahatid.is\/en\/wp-json\/wp\/v2\/media?parent=3697"}],"curies":[{"name":"wp","href":"https:\/\/api.w.org\/{rel}","templated":true}]}}