{"id":3705,"date":"2019-05-20T11:05:18","date_gmt":"2019-05-20T11:05:18","guid":{"rendered":"http:\/\/kirkjulistahatid.is\/?page_id=3705"},"modified":"2019-05-20T11:05:18","modified_gmt":"2019-05-20T11:05:18","slug":"motet-choir-2","status":"publish","type":"page","link":"https:\/\/kirkjulistahatid.is\/en\/motet-choir-2\/","title":{"rendered":"Motet Choir"},"content":{"rendered":"<div id=\"attachment_3701\" style=\"width: 1034px\" class=\"wp-caption aligncenter\"><a href=\"https:\/\/kirkjulistahatid.is\/wp-content\/uploads\/2019\/05\/motettukorinn.jpg\" rel=\"lightbox[3705]\"><img loading=\"lazy\" decoding=\"async\" aria-describedby=\"caption-attachment-3701\" class=\"size-large wp-image-3701\" src=\"https:\/\/kirkjulistahatid.is\/wp-content\/uploads\/2019\/05\/motettukorinn-1024x643.jpg\" alt=\"M\u00f3tettuk\u00f3r\" width=\"1024\" height=\"643\" srcset=\"https:\/\/kirkjulistahatid.is\/wp-content\/uploads\/2019\/05\/motettukorinn-1024x643.jpg 1024w, https:\/\/kirkjulistahatid.is\/wp-content\/uploads\/2019\/05\/motettukorinn-300x189.jpg 300w, https:\/\/kirkjulistahatid.is\/wp-content\/uploads\/2019\/05\/motettukorinn-768x483.jpg 768w, https:\/\/kirkjulistahatid.is\/wp-content\/uploads\/2019\/05\/motettukorinn-232x146.jpg 232w, https:\/\/kirkjulistahatid.is\/wp-content\/uploads\/2019\/05\/motettukorinn-50x31.jpg 50w, https:\/\/kirkjulistahatid.is\/wp-content\/uploads\/2019\/05\/motettukorinn-576x362.jpg 576w, https:\/\/kirkjulistahatid.is\/wp-content\/uploads\/2019\/05\/motettukorinn-119x75.jpg 119w, https:\/\/kirkjulistahatid.is\/wp-content\/uploads\/2019\/05\/motettukorinn.jpg 1200w\" sizes=\"auto, (max-width:767px) 480px, (max-width:1024px) 100vw, 1024px\" \/><\/a><p id=\"caption-attachment-3701\" class=\"wp-caption-text\">M\u00f3tettuk\u00f3r Hallgr\u00edmskirkju<\/p><\/div>\n<p><strong>The Hallgr\u00edmskirkja Motet Choir<\/strong>, founded in 1982, has long been one of the leading choirs in Iceland and celebrated recently it\u2019s 35th anniversary. Its large and diverse repertoire includes a number of oratorios, passions and requiems, as well as a cappella sacred music from various periods. The choir has also premiered many icelandic compositions.<\/p>\n<p>The choir has toured widely and performed in some of Europe\u2019s most prominent cathedrals and at various festivals. The choir sang at the Nordic Church Music Symposiums in Oslo 1986, Gothenburg 1996 and Reykjav\u00edk 2012. In 1996 it won a prize at the International Choral Competition in Cork, Ireland, and in 2014 it won three gold medals and the Grand Prix of the International Choir Competition and Festival Can\u00e7\u00f3 Mediterr\u00e0nia.<\/p>\n<p>Among major works performed recently by the Hallgr\u00edmskirkja Motet Choir are J.S. Bach\u2019s Passions, the Christmas Oratorio and Mass in B minor, the requiems by Mozart, Durufl\u00e9 and Faur\u00e9, the oratorios Elijah and Paulus by Mendelssohn, Vesper by Rachmaninoff, Mass for Double Choir by Frank Martin, A German Requiem by Johannes Brahms and Messe Solennelle by Louis Vierne. The choir also regularly performs with the Iceland Symphony Orchestra and was recently nominated as Performer of the Year in the category of Classical and Contemporary Music at the Icelandic Music Awards. \u00a0In april 2018 the choir participated in two projects with the Icelandic Symphony Orchestra; in live musical performance of Milos\u030c Forman\u2018s movie Amadeus and also as the choir part in Mahler\u2018s magnificent Resurrection finale.<\/p>\n<p>Having released a number of CDs, the choir has earned international acclaim for its recordings. In 2011 a special deluxe edition was released of the choir\u2018s sold-out album of sacred music, Lj\u00f3si\u00f0 \u00feitt l\u00fdsi m\u00e9r. An album was also released the same year of the 2010 Christmas concert with opera singer Kristinn Sigmundsson. The choir\u2019s most recent album release, Fl\u00e9tta, features a new piece from composer Haukur T\u00f3masson, recorded at its premiere during the 2011 Reykjav\u00edk Arts Festival.<\/p>\n<p>Recent premieres of Icelandic music include St. Cecilia, an Oratorio by \u00c1skell M\u00e1sson and writer Thor Vilhj\u00e1lmsson which was nominated for Composition of the Year at the 2010 Icelandic Music Awards. During its 30th anniversary year in 2012 the choir performed Mozart\u2019s Great Mass in C minor and his Requiem in March and April, Beethoven\u2019s 9th Symphony with the Iceland Symphony Orchestra in June, secular, J\u00f3n Nordal\u2019s Matins in Spring for the opening ceremony of the Nordic Church Music Symposium in September and Bach\u2019s Christmas Oratorio with The Hague International Baroque Orchestra. \u00a0In 2013 the choir\u2019s repertoire included Rachmaninoff\u2019s Vespers, Walton\u2019s Coronation te Deum and Louis Vierne\u2019s Messe Solennelle.<\/p>\n<p>In 2016 the Motet choir performed the \u201eOde to Joy\u201c from Beethoven\u2019s 9th Symphony at a special concert with the Icelandic Symphony Orchestra in Harpa, where the nation\u2018s favorite orchestral pieces (as voted for in a poll online) were performed. The \u201eOde to Joy\u201c was by far the favorite and closed the concert with the Motet Choir contributing the renowned choral part.<\/p>\n<p>This year, the Hallgrimskirkja Motet Choir will perform romantic choral music by Bruckner, Mendelssohn, Brahms and others both in Reykjavik and in Akureyri. \u00a0The choir will also, in June, participate in a premiere of a new oratorio, Mysterium, by Hafli\u00f0i Hallgr\u00edmsson, which is composed for the Hallgrimskirkja choirs, soloists and orchestra.<\/p>\n<p>&nbsp;<\/p>\n","protected":false},"excerpt":{"rendered":"<p>The Hallgr\u00edmskirkja Motet Choir, founded in 1982, has long been one of the leading choirs in Iceland and celebrated recently it\u2019s 35th anniversary. Its large and<span class=\"excerpt-hellip\"> [\u2026]<\/span><\/p>\n","protected":false},"author":5,"featured_media":0,"parent":0,"menu_order":0,"comment_status":"closed","ping_status":"closed","template":"","meta":{"footnotes":""},"class_list":["post-3705","page","type-page","status-publish","hentry"],"_links":{"self":[{"href":"https:\/\/kirkjulistahatid.is\/en\/wp-json\/wp\/v2\/pages\/3705","targetHints":{"allow":["GET"]}}],"collection":[{"href":"https:\/\/kirkjulistahatid.is\/en\/wp-json\/wp\/v2\/pages"}],"about":[{"href":"https:\/\/kirkjulistahatid.is\/en\/wp-json\/wp\/v2\/types\/page"}],"author":[{"embeddable":true,"href":"https:\/\/kirkjulistahatid.is\/en\/wp-json\/wp\/v2\/users\/5"}],"replies":[{"embeddable":true,"href":"https:\/\/kirkjulistahatid.is\/en\/wp-json\/wp\/v2\/comments?post=3705"}],"version-history":[{"count":0,"href":"https:\/\/kirkjulistahatid.is\/en\/wp-json\/wp\/v2\/pages\/3705\/revisions"}],"wp:attachment":[{"href":"https:\/\/kirkjulistahatid.is\/en\/wp-json\/wp\/v2\/media?parent=3705"}],"curies":[{"name":"wp","href":"https:\/\/api.w.org\/{rel}","templated":true}]}}