{"id":3735,"date":"2019-05-21T15:07:04","date_gmt":"2019-05-21T15:07:04","guid":{"rendered":"http:\/\/kirkjulistahatid.is\/?page_id=3735"},"modified":"2019-06-09T15:48:14","modified_gmt":"2019-06-09T15:48:14","slug":"festival-programme-2019","status":"publish","type":"page","link":"https:\/\/kirkjulistahatid.is\/en\/festival-programme-2019\/","title":{"rendered":"Festival programme 2019"},"content":{"rendered":"<h2>Festival programme 2019<br \/>\nJune 1 to 10 2019<\/h2>\n<p>&nbsp;<\/p>\n<h4>June 1 Saturday<\/h4>\n<p>3 PM FESTIVE OPENING \u2013 free entrance- all are welcome!<\/p>\n<p>Performers: The organ virtuous Isabelle Demers. J\u00f3hann Nardeau and Baldvin Oddsson trumpets with Bj\u00f6rn Steinar S\u00f3lbergsson organ. Carillon concert in and outside the church.<\/p>\n<p>3:30 PM OPENING OF FINNBOGI P\u00c9TURSSON&#8217;s art exhibition in Hallgr\u00edmskirkja and \u00c1smundarsalur.<\/p>\n<p>5 PM OPENING CONCERT &#8211; PREMI\u00c9RE- MYSTERIUM, new oratorio by Hafli\u00f0i Hallgr\u00edmsson. Performers: The Hallgrimskirkja Motet Choir, Schola cantorum, Herd\u00eds Anna J\u00f3nasd\u00f3ttir soprano, Hanna D\u00f3ra Sturlud\u00f3ttir alto, Elmar Gilbertsson tenor, Oddur A. J\u00f3nsson bass and Hallgrimskirkja Chamber Orchestra. Conductor: H\u00f6r\u00f0ur \u00c1skelsson.<\/p>\n<p>Isabelle Demers consert organist plays from O. Messiaen&#8217;s L \u0301Ascension at the beginning of the concert. Admission: 6.900 ISK.<\/p>\n<h4>June 2 &#8211; Sunday<\/h4>\n<p>11 AM Festive mass. Hlj\u00f3meyki-chamber choir, brass quartett, organ.<\/p>\n<p>3 PM Hafli\u00f0i Hallgr\u00edmsson composer interviewed in \u00c1smundarsalur.<\/p>\n<p>5 PM MYSTERIUM \u2013ORATORIO repeated concert, see June 1st<\/p>\n<h4>June 3 &#8211; Monday<\/h4>\n<p>12 AM Artist Finnbogi P\u00e9tursson interviewed in \u00c1smundarsalur.<\/p>\n<p>9 PM THE STRANGER. A programme of sounds, words and music by Halld\u00f3r Hauksson, inspired by the novel of Albert Camus. Admission: 2.900 ISK<\/p>\n<p>4 June &#8211; Tuesday<\/p>\n<p>12 AM Musician Marina Albero interviewed in \u00c1smundarsalur.<\/p>\n<p>9 PM HYMNS TO THE HOLY VIRGIN FROM THE RED BOOK OF MONTSERRAT<\/p>\n<p>&#8220;They sometimes want to sing and dance&#8221;<\/p>\n<p>Chamber ensemble Umbra with Marina Albero, internationally acclaimed psalterium player, perform songs to the Virgin Mary from medieval Catalonia and Scandinavia. Special guests also include percussionists Eggert P\u00e1lsson and Kristofer Rodriguez Sv\u00f6nuson, cellist \u00de\u00f3rd\u00eds Ger\u00f0ur J\u00f3nsd\u00f3ttir, and the gregorian vocal ensemble Cantores Islandiae. Umbra received the Icelandic Music Awards 2018 for its second album &#8220;S\u00f3lhv\u00f6rf \/\/ Solstice&#8221;, in the Folk Music category. Admission: 5.900 ISK.<\/p>\n<h4>June 5 Wednesday<\/h4>\n<p>8 PM FESTIVAL SOUNDS \u2013 TWO TRUMPETS AND ORGAN<\/p>\n<p>J\u00f3hann Nardeau and Baldvin Oddsson, trumpets, and award-winning French organist David Cassan perform music by Charpentier, Vivaldi, Handel and others. Admission: 4.900 ISK.<\/p>\n<h4>June 6 Thursday<\/h4>\n<p>12 AM ORGAN MATIN\u00c9E &#8211; Veni, Creator Spiritus.<\/p>\n<p>Bj\u00f6rn Steinar S\u00f3lbergsson, organist at Hallgr\u00edmskirkja, plays works for Pentecost by J.S.Bach and Durufl\u00e9. No entrance free \u2013 everybody welcome!<\/p>\n<h4>June 7 Friday<\/h4>\n<p>4 PM The singer Benedikt Kristj\u00e1nsson interviewed in \u00c1smundarsalur.<\/p>\n<h4>June 8 Saturday<\/h4>\n<p>5 PM EVENSONG J.S.Bach cantata Bleib bei uns (BWV 6). David Erler countertenor, Benedikt Kristj\u00e1nsson tenor, Oddur A. J\u00f3nsson bass, Schola Cantorum and the Hallgr\u00edmskirkja International Baroque Orchestra. Conductor: H\u00f6r\u00f0ur \u00c1skelsson.<\/p>\n<p>No entrance free \u2013 everybody welcome!<\/p>\n<p>5:50 PM &#8211; Pentecost rung in. Carillon.<\/p>\n<p>6 PM &#8211; Carillon and bells of Hallgr\u00edmskirkja inside and out, including in \u00c1smundarsalur as part of the Finnbogi P\u00e9tursson exhibition.<\/p>\n<p>21:00 COMPUTERS, KLAIS AND CARILLON<\/p>\n<p>Curator: Gu\u00f0mundur Vignir Karlsson. The Klais grand organ and carillon of Hallgr\u00edmskirkja join forces with state-of-the-art computer technology.<\/p>\n<p>Selection of songs that have been composed for the MIDI-equipped organ.<\/p>\n<p>Composers: Ingi Gar\u00f0ar Erlendsson, Gunnar Andreas Kristinsson, Ragnhildur G\u00edslad\u00f3ttir, Sveinn Ingi Reynisson, Gu\u00f0mundur Vignir Karlsson, Hlynur A\u00f0ils Vilmarsson and Halld\u00f3r Eldj\u00e1rn.<\/p>\n<h4>June 9 Sunday<\/h4>\n<p>11 AM FESTIVAL MASS J.S.Bach cantata O ewiges Feuer (BWV 34).<\/p>\n<p>David Erler countertenor, Benedikt Kristj\u00e1nsson tenor, Oddur A. J\u00f3nsson bass, with the Hallgr\u00edmskirkja Motet Choir, the Hallgr\u00edmskirkja International Baroque Orchestra, and Bj\u00f6rn Steinar S\u00f3lbergsson, organ. Conductor: H\u00f6r\u00f0ur \u00c1skelsson. Entrance free \u2013 everybody welcome!<\/p>\n<p>8 PM FESTIVAL CONCERT OF BAROQUE MUSIC with the Hallgr\u00edmskirkja International Baroque Orchestra. Dances Joyful, Dances Solemn.<\/p>\n<p>Music for oboe, trumpet, timpani and strings by Telemann and Vivaldi. Orchestral Suite in B minor (BWV 1067) by J.S.Bach. Flute soloist: Georgia Brown (Australia).<\/p>\n<p>Leader: Tuomo Suni. Admission: 4.900 ISK<\/p>\n<h4>June 10 Monday<\/h4>\n<p>11 AM FESTIVAL MASS FOR WHIT MONDAY. Concert of French music performed by the Graduale Nobili youth choir. Conductor: \u00deorvaldur \u00d6rn Dav\u00ed\u00f0sson. Organist: Bj\u00f6rn Steinar S\u00f3lbergsson.<\/p>\n<p>3 PM The composer Sigur\u00f0ur S\u00e6varsson interviewed in \u00c1smundarsalur.<\/p>\n<p>5 PM CLOSING CONCERT &#8211; Eternal Fire, Fountain of Love.<\/p>\n<p>Three cantatas for Pentecost by J.S.Bach: Erschallet, ihr Lieder (BWV 172), O ewiges Feuer, O, Ursprung der Liebe (BWV 34), and Bleib bei uns (BWV 6). Premi\u00e8re of Veni, Sancte Spiritus, a cantata for Pentecost by Sigur\u00f0ur S\u00e6varsson. Herd\u00eds Anna J\u00f3nasd\u00f3ttir soprano, Hildigunnur Einarsd\u00f3ttir alto, David Erler countertenor, Benedikt Kristj\u00e1nsson tenor and Oddur A. J\u00f3nsson bass. Schola Cantorum, the Hallgr\u00edmskirkja Motet Choir and the Hallgr\u00edmskirkja International Baroque Orchestra. Conductor: H\u00f6r\u00f0ur \u00c1skelsson.<\/p>\n<p>Admission: 5.900 ISK<\/p>\n","protected":false},"excerpt":{"rendered":"<p>Festival programme 2019 June 1 to 10 2019 &nbsp; June 1 Saturday 3 PM FESTIVE OPENING \u2013 free entrance- all are welcome! Performers: The organ virtuous<span class=\"excerpt-hellip\"> [\u2026]<\/span><\/p>\n","protected":false},"author":5,"featured_media":0,"parent":0,"menu_order":0,"comment_status":"closed","ping_status":"closed","template":"","meta":{"footnotes":""},"class_list":["post-3735","page","type-page","status-publish","hentry"],"_links":{"self":[{"href":"https:\/\/kirkjulistahatid.is\/en\/wp-json\/wp\/v2\/pages\/3735","targetHints":{"allow":["GET"]}}],"collection":[{"href":"https:\/\/kirkjulistahatid.is\/en\/wp-json\/wp\/v2\/pages"}],"about":[{"href":"https:\/\/kirkjulistahatid.is\/en\/wp-json\/wp\/v2\/types\/page"}],"author":[{"embeddable":true,"href":"https:\/\/kirkjulistahatid.is\/en\/wp-json\/wp\/v2\/users\/5"}],"replies":[{"embeddable":true,"href":"https:\/\/kirkjulistahatid.is\/en\/wp-json\/wp\/v2\/comments?post=3735"}],"version-history":[{"count":0,"href":"https:\/\/kirkjulistahatid.is\/en\/wp-json\/wp\/v2\/pages\/3735\/revisions"}],"wp:attachment":[{"href":"https:\/\/kirkjulistahatid.is\/en\/wp-json\/wp\/v2\/media?parent=3735"}],"curies":[{"name":"wp","href":"https:\/\/api.w.org\/{rel}","templated":true}]}}