{"id":3823,"date":"2019-05-23T15:57:30","date_gmt":"2019-05-23T15:57:30","guid":{"rendered":"http:\/\/kirkjulistahatid.is\/?page_id=3823"},"modified":"2019-06-01T20:50:33","modified_gmt":"2019-06-01T20:50:33","slug":"hildigunnur-einarsdottir","status":"publish","type":"page","link":"https:\/\/kirkjulistahatid.is\/en\/hildigunnur-einarsdottir\/","title":{"rendered":"Hildigunnur Einarsd\u00f3ttir"},"content":{"rendered":"<div id=\"attachment_3752\" style=\"width: 1034px\" class=\"wp-caption aligncenter\"><a href=\"https:\/\/kirkjulistahatid.is\/wp-content\/uploads\/2019\/05\/hildigunnur-einars.jpg\" rel=\"lightbox[3823]\"><img loading=\"lazy\" decoding=\"async\" aria-describedby=\"caption-attachment-3752\" class=\"size-large wp-image-3752\" src=\"https:\/\/kirkjulistahatid.is\/wp-content\/uploads\/2019\/05\/hildigunnur-einars-1024x683.jpg\" alt=\"Hildigunnur Einarsd\u00f3ttir\" width=\"1024\" height=\"683\" srcset=\"https:\/\/kirkjulistahatid.is\/wp-content\/uploads\/2019\/05\/hildigunnur-einars.jpg 1024w, https:\/\/kirkjulistahatid.is\/wp-content\/uploads\/2019\/05\/hildigunnur-einars-300x200.jpg 300w, https:\/\/kirkjulistahatid.is\/wp-content\/uploads\/2019\/05\/hildigunnur-einars-768x512.jpg 768w, https:\/\/kirkjulistahatid.is\/wp-content\/uploads\/2019\/05\/hildigunnur-einars-219x146.jpg 219w, https:\/\/kirkjulistahatid.is\/wp-content\/uploads\/2019\/05\/hildigunnur-einars-50x33.jpg 50w, https:\/\/kirkjulistahatid.is\/wp-content\/uploads\/2019\/05\/hildigunnur-einars-576x384.jpg 576w, https:\/\/kirkjulistahatid.is\/wp-content\/uploads\/2019\/05\/hildigunnur-einars-112x75.jpg 112w\" sizes=\"auto, (max-width:767px) 480px, (max-width:1024px) 100vw, 1024px\" \/><\/a><p id=\"caption-attachment-3752\" class=\"wp-caption-text\">Hildigunnur Einarsd\u00f3ttir<\/p><\/div>\n<p>Hildigunnur Einarsd\u00f3ttir mezzo-soprano, finished her ABSRM diploma at the Reykjav\u00edk Academy of Singing and Vocal Arts in 2010 under the guidance of Sign\u00fd S\u00e6mundsd\u00f3ttir and \u00d3l\u00f6f Kolbr\u00fan Har\u00f0ard\u00f3ttir. She studied in Berlin with Janet Williams and Kathryn Wright in 2008-2009, and has attended private classes with J\u00f3n \u00deorsteinsson in Utrecht. She has performed as a soloist with the Icelandic Opera and various orchestras in Iceland and abroad. Among the pieces she has performed are St. Johns Passion and Christmas Oratorio by J.S. Bach and Messiah and Judas Maccabaeus by G. F. H\u00e4ndel.<\/p>\n<p>Hildigunnur has also premiered numerous compositions by Icelandic contemporary composers and has held several lieder concerts. Hildigunnur was chosen to perform with the Icelandic Symphony orchestra in a live performance for the Icelandic National Broadcasting service R\u00daV last September.<\/p>\n<p>Hildigunnur has performed with a number of choirs in Iceland, including Schola Cantorum Reykjavicensis, the Choir of the Icelandic Opera and the Choir Academy of Luebeck. Hildigunnur was nominated as the Singer of the Year in 2014 at the Icelandic Music Awards.<\/p>\n","protected":false},"excerpt":{"rendered":"<p>Hildigunnur Einarsd\u00f3ttir mezzo-soprano, finished her ABSRM diploma at the Reykjav\u00edk Academy of Singing and Vocal Arts in 2010 under the guidance of Sign\u00fd S\u00e6mundsd\u00f3ttir and \u00d3l\u00f6f<span class=\"excerpt-hellip\"> [\u2026]<\/span><\/p>\n","protected":false},"author":5,"featured_media":0,"parent":0,"menu_order":0,"comment_status":"closed","ping_status":"closed","template":"","meta":{"footnotes":""},"class_list":["post-3823","page","type-page","status-publish","hentry"],"_links":{"self":[{"href":"https:\/\/kirkjulistahatid.is\/en\/wp-json\/wp\/v2\/pages\/3823","targetHints":{"allow":["GET"]}}],"collection":[{"href":"https:\/\/kirkjulistahatid.is\/en\/wp-json\/wp\/v2\/pages"}],"about":[{"href":"https:\/\/kirkjulistahatid.is\/en\/wp-json\/wp\/v2\/types\/page"}],"author":[{"embeddable":true,"href":"https:\/\/kirkjulistahatid.is\/en\/wp-json\/wp\/v2\/users\/5"}],"replies":[{"embeddable":true,"href":"https:\/\/kirkjulistahatid.is\/en\/wp-json\/wp\/v2\/comments?post=3823"}],"version-history":[{"count":0,"href":"https:\/\/kirkjulistahatid.is\/en\/wp-json\/wp\/v2\/pages\/3823\/revisions"}],"wp:attachment":[{"href":"https:\/\/kirkjulistahatid.is\/en\/wp-json\/wp\/v2\/media?parent=3823"}],"curies":[{"name":"wp","href":"https:\/\/api.w.org\/{rel}","templated":true}]}}