{"id":3833,"date":"2019-05-23T16:12:07","date_gmt":"2019-05-23T16:12:07","guid":{"rendered":"http:\/\/kirkjulistahatid.is\/?page_id=3833"},"modified":"2019-05-23T16:12:07","modified_gmt":"2019-05-23T16:12:07","slug":"hordur-askelsson","status":"publish","type":"page","link":"https:\/\/kirkjulistahatid.is\/en\/hordur-askelsson\/","title":{"rendered":"H\u00f6r\u00f0ur \u00c1skelsson"},"content":{"rendered":"<p>Translate in progress<\/p>\n","protected":false},"excerpt":{"rendered":"<p>Translate in progress<\/p>\n","protected":false},"author":5,"featured_media":0,"parent":0,"menu_order":0,"comment_status":"closed","ping_status":"closed","template":"","meta":{"footnotes":""},"class_list":["post-3833","page","type-page","status-publish","hentry"],"_links":{"self":[{"href":"https:\/\/kirkjulistahatid.is\/en\/wp-json\/wp\/v2\/pages\/3833","targetHints":{"allow":["GET"]}}],"collection":[{"href":"https:\/\/kirkjulistahatid.is\/en\/wp-json\/wp\/v2\/pages"}],"about":[{"href":"https:\/\/kirkjulistahatid.is\/en\/wp-json\/wp\/v2\/types\/page"}],"author":[{"embeddable":true,"href":"https:\/\/kirkjulistahatid.is\/en\/wp-json\/wp\/v2\/users\/5"}],"replies":[{"embeddable":true,"href":"https:\/\/kirkjulistahatid.is\/en\/wp-json\/wp\/v2\/comments?post=3833"}],"version-history":[{"count":0,"href":"https:\/\/kirkjulistahatid.is\/en\/wp-json\/wp\/v2\/pages\/3833\/revisions"}],"wp:attachment":[{"href":"https:\/\/kirkjulistahatid.is\/en\/wp-json\/wp\/v2\/media?parent=3833"}],"curies":[{"name":"wp","href":"https:\/\/api.w.org\/{rel}","templated":true}]}}