{"id":3873,"date":"2019-05-23T16:33:54","date_gmt":"2019-05-23T16:33:54","guid":{"rendered":"http:\/\/kirkjulistahatid.is\/?page_id=3873"},"modified":"2019-06-05T12:14:11","modified_gmt":"2019-06-05T12:14:11","slug":"schola-cantorum","status":"publish","type":"page","link":"https:\/\/kirkjulistahatid.is\/en\/schola-cantorum\/","title":{"rendered":"Schola cantorum"},"content":{"rendered":"<div id=\"attachment_2806\" style=\"width: 1034px\" class=\"wp-caption aligncenter\"><a href=\"https:\/\/kirkjulistahatid.is\/wp-content\/uploads\/2015\/07\/ScholaCantorum_2500-1024x522.jpg\" rel=\"lightbox[3873]\"><img loading=\"lazy\" decoding=\"async\" aria-describedby=\"caption-attachment-2806\" class=\"wp-image-2806 size-large\" src=\"https:\/\/kirkjulistahatid.is\/wp-content\/uploads\/2015\/07\/ScholaCantorum_2500-1024x522-1024x522.jpg\" alt=\"Schola cantorum\" width=\"1024\" height=\"522\" srcset=\"https:\/\/kirkjulistahatid.is\/wp-content\/uploads\/2015\/07\/ScholaCantorum_2500-1024x522.jpg 1024w, https:\/\/kirkjulistahatid.is\/wp-content\/uploads\/2015\/07\/ScholaCantorum_2500-1024x522-300x153.jpg 300w, https:\/\/kirkjulistahatid.is\/wp-content\/uploads\/2015\/07\/ScholaCantorum_2500-1024x522-260x133.jpg 260w, https:\/\/kirkjulistahatid.is\/wp-content\/uploads\/2015\/07\/ScholaCantorum_2500-1024x522-50x25.jpg 50w, https:\/\/kirkjulistahatid.is\/wp-content\/uploads\/2015\/07\/ScholaCantorum_2500-1024x522-576x294.jpg 576w, https:\/\/kirkjulistahatid.is\/wp-content\/uploads\/2015\/07\/ScholaCantorum_2500-1024x522-147x75.jpg 147w\" sizes=\"auto, (max-width:767px) 480px, (max-width:1024px) 100vw, 1024px\" \/><\/a><p id=\"caption-attachment-2806\" class=\"wp-caption-text\">Schola cantorum<\/p><\/div>\n<p>Schola Cantorum Reykjavicensis was founded in 1996 by the conductor H\u00f6r\u00f0ur \u00c1skelsson, the cantor at Hallgr\u00edmskirkja (Hallgrim\u2019s Church) in Reykjav\u00edk. Schola Cantorum has from the very start played an important role in the Icelandic music scene with a repertoire that consists mainly of renaissance, baroque and contemporary music including numerous premier performances of works by Icelandic composers.<\/p>\n<p>Schola Cantorum has given concerts in Norway, Sweden, Finland, Italy, Spain, Germany, Switzerland, France, Japan and USA. In 2017 Schola Cantorum was invited by Los Angeles Philharmonic to sing 4 concerts in Walt Disney Concert Hall during Reykjav\u00edk Festival in LA.<\/p>\n<p>The choir can be heard in many recordings including complete choral\/orchestral works of Icelandic composer J\u00f3n Leifs issued by Swedish label BIS. The choir has also worked with artists such as Bj\u00f6rk, Sigur R\u00f3s, J\u00f3hann J\u00f3hannson, and Swedish experimental band Wildbirds &amp; Peacedrums. Schola Cantorum appears widely on the musical spectrum. For instance the choir sings in the soundtrack of the action-adventure video game God of War released by Sony in April 2018.<\/p>\n<p>In 2007 the choir was nominated to the Nordic cultural price and in 2009 it was appointed the Music Group of Reykjav\u00edk. In March 2017 Schola Cantorum was appointed by Iceland Music Awards as the Performer of the Year 2016.<\/p>\n<p><strong>DISCOGRAPHY\u00a0<\/strong><\/p>\n<p>PRINCIPIUM (1999): Music from renaissance by Tallis, Byrd, Schein and Gesualdo.<\/p>\n<p>AUDI CREATOR COELI (2001): Icelandic contemporary church music.<\/p>\n<p>HALLGR\u00cdMSPASS\u00cdA (2011): Hallgrims Passion, an oratorio by Sigur\u00f0ur S\u00e6varsson (b. 1963), based on Hallgrimur Petursson\u00b4s Passion Hymns.<\/p>\n<p>FOLDARSKART (2012): Fifteen Icelandic choral favorites.<\/p>\n<p>CHORAL WORKS OF HAFLI\u00d0I HALLGRIMSSON (2013): A selection of choral music by the celebrated Icelandic composer Hafli\u00f0i Hallgr\u00edmsson (b. 1941).<\/p>\n<p>MEDITATIO (2016): Expressive works from twentieth and twenty-first centuries which interpret grief and bereavement in the light of hope and comfort.<\/p>\n<p>PSALMI NOVI SAECULI (2017): The poetry of A\u00f0alsteinn \u00c1sberg Sigur\u00f0sson (b. 1955) and the a capella music of Jazz performer and composer Sigur\u00f0ur Flosason (b. 1964) celebrate wide-ranging reflections on prayer, happiness, sorrow, seasons, days and lifetimes.<\/p>\n<p>See further information on <a href=\"http:\/\/www.scholacantorum.is\" target=\"_blank\" rel=\"noopener noreferrer\">www.scholacantorum.is<\/a><\/p>\n<p>H\u00f6r\u00f0ur \u00c1skelsson<br \/>\nConductor and\u00a0Artistic leader<\/p>\n","protected":false},"excerpt":{"rendered":"<p>Schola Cantorum Reykjavicensis was founded in 1996 by the conductor H\u00f6r\u00f0ur \u00c1skelsson, the cantor at Hallgr\u00edmskirkja (Hallgrim\u2019s Church) in Reykjav\u00edk. Schola Cantorum has from the very<span class=\"excerpt-hellip\"> [\u2026]<\/span><\/p>\n","protected":false},"author":5,"featured_media":0,"parent":0,"menu_order":0,"comment_status":"closed","ping_status":"closed","template":"","meta":{"footnotes":""},"class_list":["post-3873","page","type-page","status-publish","hentry"],"_links":{"self":[{"href":"https:\/\/kirkjulistahatid.is\/en\/wp-json\/wp\/v2\/pages\/3873","targetHints":{"allow":["GET"]}}],"collection":[{"href":"https:\/\/kirkjulistahatid.is\/en\/wp-json\/wp\/v2\/pages"}],"about":[{"href":"https:\/\/kirkjulistahatid.is\/en\/wp-json\/wp\/v2\/types\/page"}],"author":[{"embeddable":true,"href":"https:\/\/kirkjulistahatid.is\/en\/wp-json\/wp\/v2\/users\/5"}],"replies":[{"embeddable":true,"href":"https:\/\/kirkjulistahatid.is\/en\/wp-json\/wp\/v2\/comments?post=3873"}],"version-history":[{"count":0,"href":"https:\/\/kirkjulistahatid.is\/en\/wp-json\/wp\/v2\/pages\/3873\/revisions"}],"wp:attachment":[{"href":"https:\/\/kirkjulistahatid.is\/en\/wp-json\/wp\/v2\/media?parent=3873"}],"curies":[{"name":"wp","href":"https:\/\/api.w.org\/{rel}","templated":true}]}}