{"id":3889,"date":"2019-05-24T10:23:14","date_gmt":"2019-05-24T10:23:14","guid":{"rendered":"http:\/\/kirkjulistahatid.is\/?page_id=3889"},"modified":"2019-05-24T10:23:14","modified_gmt":"2019-05-24T10:23:14","slug":"hatidarhljomsveit-kirkjulistahatidar","status":"publish","type":"page","link":"https:\/\/kirkjulistahatid.is\/en\/hatidarhljomsveit-kirkjulistahatidar\/","title":{"rendered":"H\u00e1t\u00ed\u00f0arhlj\u00f3msveit Kirkjulistah\u00e1t\u00ed\u00f0ar"},"content":{"rendered":"<div class=\"sections_group\">\n<div class=\"entry-content\">\n<div class=\"section the_content\">\n<div class=\"section_wrapper\">\n<div class=\"the_content_wrapper\">\n<p>English translate in progress\u2026.<\/p>\n<\/div>\n<\/div>\n<\/div>\n<\/div>\n<\/div>\n","protected":false},"excerpt":{"rendered":"<p>English translate in progress\u2026.<\/p>\n","protected":false},"author":5,"featured_media":0,"parent":0,"menu_order":0,"comment_status":"closed","ping_status":"closed","template":"","meta":{"footnotes":""},"class_list":["post-3889","page","type-page","status-publish","hentry"],"_links":{"self":[{"href":"https:\/\/kirkjulistahatid.is\/en\/wp-json\/wp\/v2\/pages\/3889","targetHints":{"allow":["GET"]}}],"collection":[{"href":"https:\/\/kirkjulistahatid.is\/en\/wp-json\/wp\/v2\/pages"}],"about":[{"href":"https:\/\/kirkjulistahatid.is\/en\/wp-json\/wp\/v2\/types\/page"}],"author":[{"embeddable":true,"href":"https:\/\/kirkjulistahatid.is\/en\/wp-json\/wp\/v2\/users\/5"}],"replies":[{"embeddable":true,"href":"https:\/\/kirkjulistahatid.is\/en\/wp-json\/wp\/v2\/comments?post=3889"}],"version-history":[{"count":0,"href":"https:\/\/kirkjulistahatid.is\/en\/wp-json\/wp\/v2\/pages\/3889\/revisions"}],"wp:attachment":[{"href":"https:\/\/kirkjulistahatid.is\/en\/wp-json\/wp\/v2\/media?parent=3889"}],"curies":[{"name":"wp","href":"https:\/\/api.w.org\/{rel}","templated":true}]}}