{"id":3894,"date":"2019-05-24T10:34:19","date_gmt":"2019-05-24T10:34:19","guid":{"rendered":"http:\/\/kirkjulistahatid.is\/?page_id=3894"},"modified":"2019-06-01T12:25:29","modified_gmt":"2019-06-01T12:25:29","slug":"artists-2019","status":"publish","type":"page","link":"https:\/\/kirkjulistahatid.is\/en\/artists-2019\/","title":{"rendered":"Artists 2019"},"content":{"rendered":"<ul>\n<li><a href=\"https:\/\/kirkjulistahatid.is\/en\/the-international-baroque-orchestra\/\">Al\u00fej\u00f3\u00f0lega barokksveitin \u00ed Hallgr\u00edmskirkju<\/a><\/li>\n<li><a href=\"https:\/\/kirkjulistahatid.is\/en\/baldvin-oddsson\/\">Baldvin Oddsson<\/a><\/li>\n<li><a href=\"https:\/\/kirkjulistahatid.is\/en\/benedikt-kristjansson-4\/\">Benedikt Kristj\u00e1nsson<\/a><\/li>\n<li><a href=\"https:\/\/kirkjulistahatid.is\/en\/bjorn-steinar-solbergsson-3\/\">Bj\u00f6rn Steinar S\u00f3lbergsson<\/a><\/li>\n<li><a href=\"https:\/\/kirkjulistahatid.is\/en\/david-cassan-2\/\">David Cassan<\/a><\/li>\n<li><a href=\"https:\/\/kirkjulistahatid.is\/en\/david-erler-2\/\">David Erler<\/a><\/li>\n<li><a href=\"https:\/\/kirkjulistahatid.is\/en\/elmar-gilbertsson-2\/\">Elmar Gilbertsson<\/a><\/li>\n<li><a href=\"https:\/\/kirkjulistahatid.is\/en\/finnbogi-petursson\/\">Finnbogi P\u00e9tursson<\/a><\/li>\n<li><a href=\"https:\/\/kirkjulistahatid.is\/en\/georgia-browne\/\">Georgia Browne<\/a><\/li>\n<li><a href=\"https:\/\/kirkjulistahatid.is\/en\/graduale-nobili\/\">Graduale Nobili<\/a><\/li>\n<li><a href=\"https:\/\/kirkjulistahatid.is\/en\/gudmundur-vignir-karlsson\/\">Gu\u00f0mundur Vignir Karlsson<\/a><\/li>\n<li><a href=\"https:\/\/kirkjulistahatid.is\/en\/halldor-eldjarn\/\">Halld\u00f3r Eldj\u00e1rn<\/a><\/li>\n<li><a href=\"https:\/\/kirkjulistahatid.is\/en\/hanna-dora-sturludottir-2\/\">Hanna D\u00f3ra Sturlud\u00f3ttir<\/a><\/li>\n<li><a href=\"https:\/\/kirkjulistahatid.is\/en\/hatidarhljomsveit-kirkjulistahatidar\/\">H\u00e1t\u00ed\u00f0arhlj\u00f3msveit Kirkjulistah\u00e1t\u00ed\u00f0ar<\/a><\/li>\n<li><a href=\"https:\/\/kirkjulistahatid.is\/en\/herdis-anna-jonasdottir-2\/\">Herd\u00eds Anna J\u00f3nasd\u00f3ttir<\/a><\/li>\n<li><a href=\"https:\/\/kirkjulistahatid.is\/en\/hildigunnur-einarsdottir\/\">Hildigunnur Einarsd\u00f3ttir<\/a><\/li>\n<li><a href=\"https:\/\/kirkjulistahatid.is\/en\/hljomeyki\/\">Hlj\u00f3meyki<\/a><\/li>\n<li><a href=\"https:\/\/kirkjulistahatid.is\/en\/hordur-askelsson\/\">H\u00f6r\u00f0ur \u00c1skelsson<\/a><\/li>\n<li><a href=\"https:\/\/kirkjulistahatid.is\/en\/isabelle-demers\/\">Isabelle Demers<\/a><\/li>\n<li><a href=\"https:\/\/kirkjulistahatid.is\/en\/johann-nardeau\/\">J\u00f3hann Nardeau<\/a><\/li>\n<li><a href=\"https:\/\/kirkjulistahatid.is\/en\/marina-albero-tapaso\/\">Marina Albero Tapaso<\/a><\/li>\n<li><a href=\"https:\/\/kirkjulistahatid.is\/en\/malmblasarakvartett\/\">M\u00e1lmbl\u00e1sarakvartett<\/a><\/li>\n<li><a href=\"https:\/\/kirkjulistahatid.is\/en\/motet-choir-2\/\">M\u00f3tettuk\u00f3r Hallgr\u00edmskirkju<\/a><\/li>\n<li><a href=\"https:\/\/kirkjulistahatid.is\/en\/oddur-jonsson-2\/\">Oddur A. J\u00f3nsson<\/a><\/li>\n<li><a href=\"https:\/\/kirkjulistahatid.is\/en\/schola-cantorum\/\">Schola cantorum<\/a><\/li>\n<li><a href=\"https:\/\/kirkjulistahatid.is\/en\/tuomo-suni\/\">Tuomo Suni<\/a><\/li>\n<li><a href=\"https:\/\/kirkjulistahatid.is\/en\/umbra\/\">UMBRA<\/a><\/li>\n<\/ul>\n","protected":false},"excerpt":{"rendered":"<p>Al\u00fej\u00f3\u00f0lega barokksveitin \u00ed Hallgr\u00edmskirkju Baldvin Oddsson Benedikt Kristj\u00e1nsson Bj\u00f6rn Steinar S\u00f3lbergsson David Cassan David Erler Elmar Gilbertsson Finnbogi P\u00e9tursson Georgia Browne Graduale Nobili Gu\u00f0mundur Vignir Karlsson<span class=\"excerpt-hellip\"> [\u2026]<\/span><\/p>\n","protected":false},"author":5,"featured_media":0,"parent":0,"menu_order":0,"comment_status":"closed","ping_status":"closed","template":"","meta":{"footnotes":""},"class_list":["post-3894","page","type-page","status-publish","hentry"],"_links":{"self":[{"href":"https:\/\/kirkjulistahatid.is\/en\/wp-json\/wp\/v2\/pages\/3894","targetHints":{"allow":["GET"]}}],"collection":[{"href":"https:\/\/kirkjulistahatid.is\/en\/wp-json\/wp\/v2\/pages"}],"about":[{"href":"https:\/\/kirkjulistahatid.is\/en\/wp-json\/wp\/v2\/types\/page"}],"author":[{"embeddable":true,"href":"https:\/\/kirkjulistahatid.is\/en\/wp-json\/wp\/v2\/users\/5"}],"replies":[{"embeddable":true,"href":"https:\/\/kirkjulistahatid.is\/en\/wp-json\/wp\/v2\/comments?post=3894"}],"version-history":[{"count":0,"href":"https:\/\/kirkjulistahatid.is\/en\/wp-json\/wp\/v2\/pages\/3894\/revisions"}],"wp:attachment":[{"href":"https:\/\/kirkjulistahatid.is\/en\/wp-json\/wp\/v2\/media?parent=3894"}],"curies":[{"name":"wp","href":"https:\/\/api.w.org\/{rel}","templated":true}]}}