{"id":4006,"date":"2019-06-05T13:11:37","date_gmt":"2019-06-05T13:11:37","guid":{"rendered":"http:\/\/kirkjulistahatid.is\/?page_id=4006"},"modified":"2019-06-05T13:11:37","modified_gmt":"2019-06-05T13:11:37","slug":"photos-2015","status":"publish","type":"page","link":"https:\/\/kirkjulistahatid.is\/en\/photos-2015\/","title":{"rendered":"Photos 2015"},"content":{"rendered":"<style type=\"text\/css\">.foogallery-album-gallery-list .foogallery-pile h3 { background: #fff !important; }.foogallery-album-gallery-list .foogallery-pile h3 { color: #000000 !important; }<\/style><div id=\"foogallery-album-2888\">\n\t<ul class=\"foogallery-album-gallery-list alignment-left\">\n\t\t\t\t\t\t<li>\n\t\t\t\t\t<div class=\"foogallery-pile\">\n\t\t\t\t\t\t<div class=\"foogallery-pile-inner\">\n\t\t\t\t\t\t\t<a href=\"https:\/\/kirkjulistahatid.is\/en\/photos-2015\/gallery\/lokatonleikar-med-schola-cantorum-2\" target=\"_self\">\n\t\t\t\t\t\t\t\t<img loading=\"lazy\" decoding=\"async\"  src=\"https:\/\/kirkjulistahatid.is\/wp-content\/uploads\/cache\/2015\/11\/0137\/686091847.jpg\" width=\"150\" height=\"150\" class=\"skip-lazy\" \/>\t\t\t\t\t\t\t\t\t\t\t\t\t\t\t\t<h3>2015 - Lokat\u00f3nleikar me\u00f0 Schola cantorum\t\t\t\t\t\t\t\t\t<span>24 images<\/span>\n\t\t\t\t\t\t\t\t<\/h3>\n\t\t\t\t\t\t\t<\/a>\n\t\t\t\t\t\t<\/div>\n\t\t\t\t\t<\/div>\n\t\t\t\t<\/li>\n\t\t\t\t\t\t\t\t\t<li>\n\t\t\t\t\t<div class=\"foogallery-pile\">\n\t\t\t\t\t\t<div class=\"foogallery-pile-inner\">\n\t\t\t\t\t\t\t<a href=\"https:\/\/kirkjulistahatid.is\/en\/photos-2015\/gallery\/salmafoss-2015\" target=\"_self\">\n\t\t\t\t\t\t\t\t<img loading=\"lazy\" decoding=\"async\"  src=\"https:\/\/kirkjulistahatid.is\/wp-content\/uploads\/cache\/2015\/08\/9988\/2853372762.jpg\" width=\"150\" height=\"150\" class=\"skip-lazy\" \/>\t\t\t\t\t\t\t\t\t\t\t\t\t\t\t\t<h3>S\u00e1lmafoss 2015\t\t\t\t\t\t\t\t\t<span>39 images<\/span>\n\t\t\t\t\t\t\t\t<\/h3>\n\t\t\t\t\t\t\t<\/a>\n\t\t\t\t\t\t<\/div>\n\t\t\t\t\t<\/div>\n\t\t\t\t<\/li>\n\t\t\t\t\t\t\t\t\t<li>\n\t\t\t\t\t<div class=\"foogallery-pile\">\n\t\t\t\t\t\t<div class=\"foogallery-pile-inner\">\n\t\t\t\t\t\t\t<a href=\"https:\/\/kirkjulistahatid.is\/en\/photos-2015\/gallery\/tonleikar-kings-men\" target=\"_self\">\n\t\t\t\t\t\t\t\t<img loading=\"lazy\" decoding=\"async\"  src=\"https:\/\/kirkjulistahatid.is\/wp-content\/uploads\/cache\/2015\/08\/9657\/2232529919.jpg\" width=\"150\" height=\"150\" class=\"skip-lazy\" \/>\t\t\t\t\t\t\t\t\t\t\t\t\t\t\t\t<h3>T\u00f3nleikar King\u00b4s Men\t\t\t\t\t\t\t\t\t<span>15 images<\/span>\n\t\t\t\t\t\t\t\t<\/h3>\n\t\t\t\t\t\t\t<\/a>\n\t\t\t\t\t\t<\/div>\n\t\t\t\t\t<\/div>\n\t\t\t\t<\/li>\n\t\t\t\t\t\t\t\t\t<li>\n\t\t\t\t\t<div class=\"foogallery-pile\">\n\t\t\t\t\t\t<div class=\"foogallery-pile-inner\">\n\t\t\t\t\t\t\t<a href=\"https:\/\/kirkjulistahatid.is\/en\/photos-2015\/gallery\/klais-orgelid-i-nyjum-viddum\" target=\"_self\">\n\t\t\t\t\t\t\t\t<img loading=\"lazy\" decoding=\"async\"  src=\"https:\/\/kirkjulistahatid.is\/wp-content\/uploads\/cache\/2015\/08\/92561\/2170712907.jpg\" width=\"150\" height=\"150\" class=\"skip-lazy\" \/>\t\t\t\t\t\t\t\t\t\t\t\t\t\t\t\t<h3>Klais-orgeli\u00f0 \u00ed n\u00fdjum v\u00edddum\t\t\t\t\t\t\t\t\t<span>7 images<\/span>\n\t\t\t\t\t\t\t\t<\/h3>\n\t\t\t\t\t\t\t<\/a>\n\t\t\t\t\t\t<\/div>\n\t\t\t\t\t<\/div>\n\t\t\t\t<\/li>\n\t\t\t\t\t\t\t\t\t<li>\n\t\t\t\t\t<div class=\"foogallery-pile\">\n\t\t\t\t\t\t<div class=\"foogallery-pile-inner\">\n\t\t\t\t\t\t\t<a href=\"https:\/\/kirkjulistahatid.is\/en\/photos-2015\/gallery\/i-heimsokn-hja-handel\" target=\"_self\">\n\t\t\t\t\t\t\t\t<img loading=\"lazy\" decoding=\"async\"  src=\"https:\/\/kirkjulistahatid.is\/wp-content\/uploads\/cache\/2015\/08\/9365-copy1\/211057637.jpg\" width=\"150\" height=\"150\" class=\"skip-lazy\" \/>\t\t\t\t\t\t\t\t\t\t\t\t\t\t\t\t<h3>\u00cd heims\u00f3kn hj\u00e1 H\u00e4ndel\t\t\t\t\t\t\t\t\t<span>20 images<\/span>\n\t\t\t\t\t\t\t\t<\/h3>\n\t\t\t\t\t\t\t<\/a>\n\t\t\t\t\t\t<\/div>\n\t\t\t\t\t<\/div>\n\t\t\t\t<\/li>\n\t\t\t\t\t\t\t\t\t<li>\n\t\t\t\t\t<div class=\"foogallery-pile\">\n\t\t\t\t\t\t<div class=\"foogallery-pile-inner\">\n\t\t\t\t\t\t\t<a href=\"https:\/\/kirkjulistahatid.is\/en\/photos-2015\/gallery\/olivier-latry-og-shin-young-lee\" target=\"_self\">\n\t\t\t\t\t\t\t\t<img loading=\"lazy\" decoding=\"async\"  src=\"https:\/\/kirkjulistahatid.is\/wp-content\/uploads\/cache\/2015\/08\/9632\/2591867012.jpg\" width=\"150\" height=\"150\" class=\"skip-lazy\" \/>\t\t\t\t\t\t\t\t\t\t\t\t\t\t\t\t<h3>Olivier Latry og Shin-Young Lee\t\t\t\t\t\t\t\t\t<span>26 images<\/span>\n\t\t\t\t\t\t\t\t<\/h3>\n\t\t\t\t\t\t\t<\/a>\n\t\t\t\t\t\t<\/div>\n\t\t\t\t\t<\/div>\n\t\t\t\t<\/li>\n\t\t\t\t\t\t\t\t\t<li>\n\t\t\t\t\t<div class=\"foogallery-pile\">\n\t\t\t\t\t\t<div class=\"foogallery-pile-inner\">\n\t\t\t\t\t\t\t<a href=\"https:\/\/kirkjulistahatid.is\/en\/photos-2015\/gallery\/oratorian-salomon-tonleikar\" target=\"_self\">\n\t\t\t\t\t\t\t\t<img loading=\"lazy\" decoding=\"async\"  src=\"https:\/\/kirkjulistahatid.is\/wp-content\/uploads\/cache\/2015\/08\/9048\/3238874709.jpg\" width=\"150\" height=\"150\" class=\"skip-lazy\" \/>\t\t\t\t\t\t\t\t\t\t\t\t\t\t\t\t<h3>\u00d3rat\u00f3r\u00edan Sal\u00f3mon t\u00f3nleikar\t\t\t\t\t\t\t\t\t<span>29 images<\/span>\n\t\t\t\t\t\t\t\t<\/h3>\n\t\t\t\t\t\t\t<\/a>\n\t\t\t\t\t\t<\/div>\n\t\t\t\t\t<\/div>\n\t\t\t\t<\/li>\n\t\t\t\t\t\t\t\t\t<li>\n\t\t\t\t\t<div class=\"foogallery-pile\">\n\t\t\t\t\t\t<div class=\"foogallery-pile-inner\">\n\t\t\t\t\t\t\t<a href=\"https:\/\/kirkjulistahatid.is\/en\/photos-2015\/gallery\/fra-opnun-kirkjulistahatidar-2015\" target=\"_self\">\n\t\t\t\t\t\t\t\t<img loading=\"lazy\" decoding=\"async\"  src=\"https:\/\/kirkjulistahatid.is\/wp-content\/uploads\/cache\/2015\/08\/1633\/891080421.jpg\" alt=\"Fr\u00e1 opnun Kirkjulistah\u00e1t\u00ed\u00f0ar 2015\" width=\"150\" height=\"150\" class=\"skip-lazy\" \/>\t\t\t\t\t\t\t\t\t\t\t\t\t\t\t\t<h3>Fr\u00e1 opnun Kirkjulistah\u00e1t\u00ed\u00f0ar 2015\t\t\t\t\t\t\t\t\t<span>56 images<\/span>\n\t\t\t\t\t\t\t\t<\/h3>\n\t\t\t\t\t\t\t<\/a>\n\t\t\t\t\t\t<\/div>\n\t\t\t\t\t<\/div>\n\t\t\t\t<\/li>\n\t\t\t\t\t\t\t\t\t<li>\n\t\t\t\t\t<div class=\"foogallery-pile\">\n\t\t\t\t\t\t<div class=\"foogallery-pile-inner\">\n\t\t\t\t\t\t\t<a href=\"https:\/\/kirkjulistahatid.is\/en\/photos-2015\/gallery\/orthing-um-salomon-konung\" target=\"_self\">\n\t\t\t\t\t\t\t\t<img loading=\"lazy\" decoding=\"async\"  src=\"https:\/\/kirkjulistahatid.is\/wp-content\/uploads\/cache\/2015\/08\/1551\/1773157991.jpg\" alt=\"\u00d6r\u00feing um Sal\u00f3mon konung\" width=\"150\" height=\"150\" class=\"skip-lazy\" \/>\t\t\t\t\t\t\t\t\t\t\t\t\t\t\t\t<h3>\u00d6r\u00feing um Sal\u00f3mon konung\t\t\t\t\t\t\t\t\t<span>11 images<\/span>\n\t\t\t\t\t\t\t\t<\/h3>\n\t\t\t\t\t\t\t<\/a>\n\t\t\t\t\t\t<\/div>\n\t\t\t\t\t<\/div>\n\t\t\t\t<\/li>\n\t\t\t\t\t\t\t\t\t<li>\n\t\t\t\t\t<div class=\"foogallery-pile\">\n\t\t\t\t\t\t<div class=\"foogallery-pile-inner\">\n\t\t\t\t\t\t\t<a href=\"https:\/\/kirkjulistahatid.is\/en\/photos-2015\/gallery\/salomon-aefdur-og-settar-upp-myndir\" target=\"_self\">\n\t\t\t\t\t\t\t\t<img loading=\"lazy\" decoding=\"async\"  src=\"https:\/\/kirkjulistahatid.is\/wp-content\/uploads\/cache\/2015\/08\/1444\/3891643498.jpg\" alt=\"Fr\u00e1 \u00e6fingu - Sal\u00f3mon \u00e6f\u00f0ur 2015\" width=\"150\" height=\"150\" class=\"skip-lazy\" \/>\t\t\t\t\t\t\t\t\t\t\t\t\t\t\t\t<h3>Sal\u00f3mon \u00e6f\u00f0ur og settar upp myndir\t\t\t\t\t\t\t\t\t<span>54 images<\/span>\n\t\t\t\t\t\t\t\t<\/h3>\n\t\t\t\t\t\t\t<\/a>\n\t\t\t\t\t\t<\/div>\n\t\t\t\t\t<\/div>\n\t\t\t\t<\/li>\n\t\t\t\t\t\t\t\t\t<li>\n\t\t\t\t\t<div class=\"foogallery-pile\">\n\t\t\t\t\t\t<div class=\"foogallery-pile-inner\">\n\t\t\t\t\t\t\t<a href=\"https:\/\/kirkjulistahatid.is\/en\/photos-2015\/gallery\/fra-opinni-aefingu-i-mai-2015\" target=\"_self\">\n\t\t\t\t\t\t\t\t<img loading=\"lazy\" decoding=\"async\"  src=\"https:\/\/kirkjulistahatid.is\/wp-content\/uploads\/cache\/2015\/07\/Opin-aefing1\/3454720117.jpg\" width=\"150\" height=\"150\" class=\"skip-lazy\" \/>\t\t\t\t\t\t\t\t\t\t\t\t\t\t\t\t<h3>Fr\u00e1 opinni \u00e6fingu \u00ed ma\u00ed 2015\t\t\t\t\t\t\t\t\t<span>23 images<\/span>\n\t\t\t\t\t\t\t\t<\/h3>\n\t\t\t\t\t\t\t<\/a>\n\t\t\t\t\t\t<\/div>\n\t\t\t\t\t<\/div>\n\t\t\t\t<\/li>\n\t\t\t\t\t\t<\/ul>\n\t<div style=\"clear: both;\"><\/div>\n<\/div>\n\n","protected":false},"excerpt":{"rendered":"","protected":false},"author":5,"featured_media":0,"parent":0,"menu_order":0,"comment_status":"closed","ping_status":"closed","template":"","meta":{"footnotes":""},"class_list":["post-4006","page","type-page","status-publish","hentry"],"_links":{"self":[{"href":"https:\/\/kirkjulistahatid.is\/en\/wp-json\/wp\/v2\/pages\/4006","targetHints":{"allow":["GET"]}}],"collection":[{"href":"https:\/\/kirkjulistahatid.is\/en\/wp-json\/wp\/v2\/pages"}],"about":[{"href":"https:\/\/kirkjulistahatid.is\/en\/wp-json\/wp\/v2\/types\/page"}],"author":[{"embeddable":true,"href":"https:\/\/kirkjulistahatid.is\/en\/wp-json\/wp\/v2\/users\/5"}],"replies":[{"embeddable":true,"href":"https:\/\/kirkjulistahatid.is\/en\/wp-json\/wp\/v2\/comments?post=4006"}],"version-history":[{"count":0,"href":"https:\/\/kirkjulistahatid.is\/en\/wp-json\/wp\/v2\/pages\/4006\/revisions"}],"wp:attachment":[{"href":"https:\/\/kirkjulistahatid.is\/en\/wp-json\/wp\/v2\/media?parent=4006"}],"curies":[{"name":"wp","href":"https:\/\/api.w.org\/{rel}","templated":true}]}}